{"id":10470,"date":"2023-12-17T20:31:08","date_gmt":"2023-12-17T20:31:08","guid":{"rendered":"https:\/\/skraidanciosausytes.lt\/?page_id=10470"},"modified":"2024-08-21T09:02:46","modified_gmt":"2024-08-21T09:02:46","slug":"klausimynas","status":"publish","type":"page","link":"https:\/\/skraidanciosausytes.lt\/index.php\/suniukai\/klausimynas\/","title":{"rendered":"Klausimynas b\u016bsimiems \u0161eimininkams\u200b"},"content":{"rendered":"\t\t<div data-elementor-type=\"wp-page\" data-elementor-id=\"10470\" class=\"elementor elementor-10470\">\n\t\t\t\t<div class=\"elementor-element elementor-element-b42485b e-con-full e-flex e-con e-parent\" data-id=\"b42485b\" data-element_type=\"container\" data-settings=\"{&quot;content_width&quot;:&quot;full&quot;,&quot;background_background&quot;:&quot;classic&quot;}\" data-core-v316-plus=\"true\">\n\t\t\t\t<\/div>\n\t\t<div class=\"elementor-element elementor-element-105b219 e-flex e-con-boxed e-con e-parent\" data-id=\"105b219\" data-element_type=\"container\" data-settings=\"{&quot;content_width&quot;:&quot;boxed&quot;}\" data-core-v316-plus=\"true\">\n\t\t\t\t\t<div class=\"e-con-inner\">\n\t\t\t\t<div class=\"elementor-element elementor-element-5e017ba elementor-widget elementor-widget-spacer\" data-id=\"5e017ba\" data-element_type=\"widget\" data-widget_type=\"spacer.default\">\n\t\t\t\t<div class=\"elementor-widget-container\">\n\t\t\t<style>\/*! elementor - v3.19.0 - 07-02-2024 *\/\n.elementor-column .elementor-spacer-inner{height:var(--spacer-size)}.e-con{--container-widget-width:100%}.e-con-inner>.elementor-widget-spacer,.e-con>.elementor-widget-spacer{width:var(--container-widget-width,var(--spacer-size));--align-self:var(--container-widget-align-self,initial);--flex-shrink:0}.e-con-inner>.elementor-widget-spacer>.elementor-widget-container,.e-con>.elementor-widget-spacer>.elementor-widget-container{height:100%;width:100%}.e-con-inner>.elementor-widget-spacer>.elementor-widget-container>.elementor-spacer,.e-con>.elementor-widget-spacer>.elementor-widget-container>.elementor-spacer{height:100%}.e-con-inner>.elementor-widget-spacer>.elementor-widget-container>.elementor-spacer>.elementor-spacer-inner,.e-con>.elementor-widget-spacer>.elementor-widget-container>.elementor-spacer>.elementor-spacer-inner{height:var(--container-widget-height,var(--spacer-size))}.e-con-inner>.elementor-widget-spacer.elementor-widget-empty,.e-con>.elementor-widget-spacer.elementor-widget-empty{position:relative;min-height:22px;min-width:22px}.e-con-inner>.elementor-widget-spacer.elementor-widget-empty .elementor-widget-empty-icon,.e-con>.elementor-widget-spacer.elementor-widget-empty .elementor-widget-empty-icon{position:absolute;top:0;bottom:0;left:0;right:0;margin:auto;padding:0;width:22px;height:22px}<\/style>\t\t<div class=\"elementor-spacer\">\n\t\t\t<div class=\"elementor-spacer-inner\"><\/div>\n\t\t<\/div>\n\t\t\t\t<\/div>\n\t\t\t\t<\/div>\n\t\t\t\t\t<\/div>\n\t\t\t\t<\/div>\n\t\t<div class=\"elementor-element elementor-element-09b3a04 e-flex e-con-boxed e-con e-parent\" data-id=\"09b3a04\" data-element_type=\"container\" data-settings=\"{&quot;content_width&quot;:&quot;boxed&quot;}\" data-core-v316-plus=\"true\">\n\t\t\t\t\t<div class=\"e-con-inner\">\n\t\t\t\t<div class=\"elementor-element elementor-element-43946f5 elementor-widget elementor-widget-heading\" data-id=\"43946f5\" data-element_type=\"widget\" data-widget_type=\"heading.default\">\n\t\t\t\t<div class=\"elementor-widget-container\">\n\t\t\t<style>\/*! elementor - v3.19.0 - 07-02-2024 *\/\n.elementor-heading-title{padding:0;margin:0;line-height:1}.elementor-widget-heading .elementor-heading-title[class*=elementor-size-]>a{color:inherit;font-size:inherit;line-height:inherit}.elementor-widget-heading .elementor-heading-title.elementor-size-small{font-size:15px}.elementor-widget-heading .elementor-heading-title.elementor-size-medium{font-size:19px}.elementor-widget-heading .elementor-heading-title.elementor-size-large{font-size:29px}.elementor-widget-heading .elementor-heading-title.elementor-size-xl{font-size:39px}.elementor-widget-heading .elementor-heading-title.elementor-size-xxl{font-size:59px}<\/style><h1 class=\"elementor-heading-title elementor-size-default\">Klausimynas b\u016bsimiems \u0161eimininkams<\/h1>\t\t<\/div>\n\t\t\t\t<\/div>\n\t\t\t\t\t<\/div>\n\t\t\t\t<\/div>\n\t\t<div class=\"elementor-element elementor-element-077e87d e-flex e-con-boxed e-con e-parent\" data-id=\"077e87d\" data-element_type=\"container\" data-settings=\"{&quot;content_width&quot;:&quot;boxed&quot;}\" data-core-v316-plus=\"true\">\n\t\t\t\t\t<div class=\"e-con-inner\">\n\t\t\t\t<div class=\"elementor-element elementor-element-45904f3 elementor-widget elementor-widget-spacer\" data-id=\"45904f3\" data-element_type=\"widget\" data-widget_type=\"spacer.default\">\n\t\t\t\t<div class=\"elementor-widget-container\">\n\t\t\t\t\t<div class=\"elementor-spacer\">\n\t\t\t<div class=\"elementor-spacer-inner\"><\/div>\n\t\t<\/div>\n\t\t\t\t<\/div>\n\t\t\t\t<\/div>\n\t\t\t\t\t<\/div>\n\t\t\t\t<\/div>\n\t\t<div class=\"elementor-element elementor-element-4781f2c e-flex e-con-boxed e-con e-parent\" data-id=\"4781f2c\" data-element_type=\"container\" data-settings=\"{&quot;content_width&quot;:&quot;boxed&quot;}\" data-core-v316-plus=\"true\">\n\t\t\t\t\t<div class=\"e-con-inner\">\n\t\t\t\t<div class=\"elementor-element elementor-element-d7320fa elementor-widget elementor-widget-html\" data-id=\"d7320fa\" data-element_type=\"widget\" data-widget_type=\"html.default\">\n\t\t\t\t<div class=\"elementor-widget-container\">\n\t\t\t<iframe src=\"https:\/\/docs.google.com\/forms\/d\/e\/1FAIpQLSciIZmhyFGj-FbL32nr7rZli0KzBtnAbgbGNossCmGZUJKo-g\/viewform?embedded=true\" width=\"640\" height=\"600\" frameborder=\"0\" marginheight=\"0\" marginwidth=\"0\">Loading\u2026<\/iframe>\t\t<\/div>\n\t\t\t\t<\/div>\n\t\t\t\t\t<\/div>\n\t\t\t\t<\/div>\n\t\t<div class=\"elementor-element elementor-element-886f15e e-flex e-con-boxed e-con e-parent\" data-id=\"886f15e\" data-element_type=\"container\" data-settings=\"{&quot;content_width&quot;:&quot;boxed&quot;}\" data-core-v316-plus=\"true\">\n\t\t\t\t\t<div class=\"e-con-inner\">\n\t\t<div class=\"elementor-element elementor-element-33cd11f e-con-full e-flex e-con e-child\" data-id=\"33cd11f\" data-element_type=\"container\" data-settings=\"{&quot;content_width&quot;:&quot;full&quot;}\">\n\t\t\t\t<div class=\"elementor-element elementor-element-62d0b24 elementor-widget elementor-widget-trekon_core_button\" data-id=\"62d0b24\" data-element_type=\"widget\" data-widget_type=\"trekon_core_button.default\">\n\t\t\t\t<div class=\"elementor-widget-container\">\n\t\t\t<a class=\"qodef-shortcode qodef-m  qodef-button qodef-layout--filled  qodef-html--link\" href=\"index.php\/apie-veisle\/\" target=\"_self\"  >\n\t<span class=\"qodef-m-text\">APie veisl\u0119<\/span>\n<\/a>\n\t\t<\/div>\n\t\t\t\t<\/div>\n\t\t\t\t<\/div>\n\t\t<div class=\"elementor-element elementor-element-d4d8362 e-con-full e-flex e-con e-child\" data-id=\"d4d8362\" data-element_type=\"container\" data-settings=\"{&quot;content_width&quot;:&quot;full&quot;}\">\n\t\t\t\t<div class=\"elementor-element elementor-element-8a077be elementor-widget elementor-widget-trekon_core_button\" data-id=\"8a077be\" data-element_type=\"widget\" data-widget_type=\"trekon_core_button.default\">\n\t\t\t\t<div class=\"elementor-widget-container\">\n\t\t\t<a class=\"qodef-shortcode qodef-m  qodef-button qodef-layout--filled  qodef-html--link\" href=\"index.php\/suniukai\/\" target=\"_self\"  >\n\t<span class=\"qodef-m-text\">\u0160uniukai<\/span>\n<\/a>\n\t\t<\/div>\n\t\t\t\t<\/div>\n\t\t\t\t<\/div>\n\t\t<div class=\"elementor-element elementor-element-4d541d0 e-con-full e-flex e-con e-child\" data-id=\"4d541d0\" data-element_type=\"container\" data-settings=\"{&quot;content_width&quot;:&quot;full&quot;}\">\n\t\t\t\t<div class=\"elementor-element elementor-element-43fad32 elementor-widget elementor-widget-trekon_core_button\" data-id=\"43fad32\" data-element_type=\"widget\" data-widget_type=\"trekon_core_button.default\">\n\t\t\t\t<div class=\"elementor-widget-container\">\n\t\t\t<a class=\"qodef-shortcode qodef-m  qodef-button qodef-layout--filled  qodef-html--link\" href=\"\/index.php\/suniukai\/kaip-isigyti-suniuka\/\" target=\"_self\"  >\n\t<span class=\"qodef-m-text\">Kaip tapti \u0161eimininku<\/span>\n<\/a>\n\t\t<\/div>\n\t\t\t\t<\/div>\n\t\t\t\t<\/div>\n\t\t\t\t\t<\/div>\n\t\t\t\t<\/div>\n\t\t<div class=\"elementor-element elementor-element-a41e91d e-flex e-con-boxed e-con e-parent\" data-id=\"a41e91d\" data-element_type=\"container\" data-settings=\"{&quot;content_width&quot;:&quot;boxed&quot;}\" data-core-v316-plus=\"true\">\n\t\t\t\t\t<div class=\"e-con-inner\">\n\t\t\t\t<div class=\"elementor-element elementor-element-0619d7f elementor-widget elementor-widget-spacer\" data-id=\"0619d7f\" data-element_type=\"widget\" data-widget_type=\"spacer.default\">\n\t\t\t\t<div class=\"elementor-widget-container\">\n\t\t\t\t\t<div class=\"elementor-spacer\">\n\t\t\t<div class=\"elementor-spacer-inner\"><\/div>\n\t\t<\/div>\n\t\t\t\t<\/div>\n\t\t\t\t<\/div>\n\t\t\t\t<div class=\"elementor-element elementor-element-931a8b3 elementor-widget elementor-widget-trekon_core_button\" data-id=\"931a8b3\" data-element_type=\"widget\" data-widget_type=\"trekon_core_button.default\">\n\t\t\t\t<div class=\"elementor-widget-container\">\n\t\t\t<a class=\"qodef-shortcode qodef-m  qodef-button qodef-layout--filled  qodef-html--link\" href=\"https:\/\/skraidanciosausytes.lt\/index.php\/contact-us\/\" target=\"_self\" data-hover-background-color=\"#1AAFEE\" style=\"background-image: linear-gradient(to right, #1AAFEE 0, #1AAFEE 50%, #6EC1E4 50%, #6EC1E4 100%);\">\n\t<span class=\"qodef-m-text\">Susisiekite<\/span>\n<\/a>\n\t\t<\/div>\n\t\t\t\t<\/div>\n\t\t\t\t<div class=\"elementor-element elementor-element-b2f9c58 elementor-widget elementor-widget-spacer\" data-id=\"b2f9c58\" data-element_type=\"widget\" data-widget_type=\"spacer.default\">\n\t\t\t\t<div class=\"elementor-widget-container\">\n\t\t\t\t\t<div class=\"elementor-spacer\">\n\t\t\t<div class=\"elementor-spacer-inner\"><\/div>\n\t\t<\/div>\n\t\t\t\t<\/div>\n\t\t\t\t<\/div>\n\t\t\t\t\t<\/div>\n\t\t\t\t<\/div>\n\t\t\t\t<\/div>\n\t\t","protected":false},"excerpt":{"rendered":"<p>Klausimynas b\u016bsimiems \u0161eimininkams Loading\u2026 APie veisl\u0119 \u0160uniukai Kaip tapti \u0161eimininku Susisiekite<\/p>\n","protected":false},"author":1,"featured_media":0,"parent":8678,"menu_order":0,"comment_status":"closed","ping_status":"closed","template":"","meta":{"footnotes":""},"class_list":["post-10470","page","type-page","status-publish","hentry"],"yoast_head":"<!-- This site is optimized with the Yoast SEO plugin v27.4 - https:\/\/yoast.com\/product\/yoast-seo-wordpress\/ -->\n<title>Klausimynas b\u016bsimiems \u0161eimininkams\u200b - Skraidan\u010dios Ausyt\u0117s<\/title>\n<meta name=\"description\" content=\"Klausimynas padeda mums suprasti J\u016bs\u0173 poreikius ir tai ko siekiate. Klausimai padeda pa\u017evelgti \u012f \u0161uns \u012fsigyjim\u0105 kitaip, nei man\u0117te iki \u0161iol\" \/>\n<meta name=\"robots\" content=\"index, follow, max-snippet:-1, max-image-preview:large, max-video-preview:-1\" \/>\n<link rel=\"canonical\" href=\"https:\/\/skraidanciosausytes.lt\/index.php\/suniukai\/klausimynas\/\" \/>\n<meta property=\"og:locale\" content=\"lt_LT\" \/>\n<meta property=\"og:type\" content=\"article\" \/>\n<meta property=\"og:title\" content=\"Klausimynas b\u016bsimiems \u0161eimininkams\u200b - Skraidan\u010dios Ausyt\u0117s\" \/>\n<meta property=\"og:description\" content=\"Klausimynas padeda mums suprasti J\u016bs\u0173 poreikius ir tai ko siekiate. Klausimai padeda pa\u017evelgti \u012f \u0161uns \u012fsigyjim\u0105 kitaip, nei man\u0117te iki \u0161iol\" \/>\n<meta property=\"og:url\" content=\"https:\/\/skraidanciosausytes.lt\/index.php\/suniukai\/klausimynas\/\" \/>\n<meta property=\"og:site_name\" content=\"Skraidan\u010dios Ausyt\u0117s\" \/>\n<meta property=\"article:publisher\" content=\"https:\/\/www.facebook.com\/FlyingAussie\" \/>\n<meta property=\"article:modified_time\" content=\"2024-08-21T09:02:46+00:00\" \/>\n<meta property=\"og:image\" content=\"https:\/\/skraidanciosausytes.lt\/wp-content\/uploads\/2024\/01\/DSC01026-scaled.jpg\" \/>\n\t<meta property=\"og:image:width\" content=\"2560\" \/>\n\t<meta property=\"og:image:height\" content=\"1710\" \/>\n\t<meta property=\"og:image:type\" content=\"image\/jpeg\" \/>\n<meta name=\"twitter:card\" content=\"summary_large_image\" \/>\n<meta name=\"twitter:label1\" content=\"Est. reading time\" \/>\n\t<meta name=\"twitter:data1\" content=\"1 minut\u0117\" \/>\n<script type=\"application\/ld+json\" class=\"yoast-schema-graph\">{\"@context\":\"https:\\\/\\\/schema.org\",\"@graph\":[{\"@type\":\"WebPage\",\"@id\":\"https:\\\/\\\/skraidanciosausytes.lt\\\/index.php\\\/suniukai\\\/klausimynas\\\/\",\"url\":\"https:\\\/\\\/skraidanciosausytes.lt\\\/index.php\\\/suniukai\\\/klausimynas\\\/\",\"name\":\"Klausimynas b\u016bsimiems \u0161eimininkams\u200b - Skraidan\u010dios Ausyt\u0117s\",\"isPartOf\":{\"@id\":\"https:\\\/\\\/skraidanciosausytes.lt\\\/#website\"},\"datePublished\":\"2023-12-17T20:31:08+00:00\",\"dateModified\":\"2024-08-21T09:02:46+00:00\",\"description\":\"Klausimynas padeda mums suprasti J\u016bs\u0173 poreikius ir tai ko siekiate. Klausimai padeda pa\u017evelgti \u012f \u0161uns \u012fsigyjim\u0105 kitaip, nei man\u0117te iki \u0161iol\",\"breadcrumb\":{\"@id\":\"https:\\\/\\\/skraidanciosausytes.lt\\\/index.php\\\/suniukai\\\/klausimynas\\\/#breadcrumb\"},\"inLanguage\":\"lt-LT\",\"potentialAction\":[{\"@type\":\"ReadAction\",\"target\":[\"https:\\\/\\\/skraidanciosausytes.lt\\\/index.php\\\/suniukai\\\/klausimynas\\\/\"]}]},{\"@type\":\"BreadcrumbList\",\"@id\":\"https:\\\/\\\/skraidanciosausytes.lt\\\/index.php\\\/suniukai\\\/klausimynas\\\/#breadcrumb\",\"itemListElement\":[{\"@type\":\"ListItem\",\"position\":1,\"name\":\"Home\",\"item\":\"https:\\\/\\\/skraidanciosausytes.lt\\\/\"},{\"@type\":\"ListItem\",\"position\":2,\"name\":\"Informacija apie \u0161uniuk\u0173 vadas\",\"item\":\"https:\\\/\\\/skraidanciosausytes.lt\\\/index.php\\\/suniukai\\\/\"},{\"@type\":\"ListItem\",\"position\":3,\"name\":\"Klausimynas b\u016bsimiems \u0161eimininkams\u200b\"}]},{\"@type\":\"WebSite\",\"@id\":\"https:\\\/\\\/skraidanciosausytes.lt\\\/#website\",\"url\":\"https:\\\/\\\/skraidanciosausytes.lt\\\/\",\"name\":\"Flying Aussies\",\"description\":\"Austral\u0173 Avingani\u0173 veislynas\",\"publisher\":{\"@id\":\"https:\\\/\\\/skraidanciosausytes.lt\\\/#organization\"},\"alternateName\":\"Skraidancios Ausytes\",\"potentialAction\":[{\"@type\":\"SearchAction\",\"target\":{\"@type\":\"EntryPoint\",\"urlTemplate\":\"https:\\\/\\\/skraidanciosausytes.lt\\\/?s={search_term_string}\"},\"query-input\":{\"@type\":\"PropertyValueSpecification\",\"valueRequired\":true,\"valueName\":\"search_term_string\"}}],\"inLanguage\":\"lt-LT\"},{\"@type\":\"Organization\",\"@id\":\"https:\\\/\\\/skraidanciosausytes.lt\\\/#organization\",\"name\":\"Flying Aussies kennel\",\"alternateName\":\"Skraidan\u010dios Ausyt\u0117s\",\"url\":\"https:\\\/\\\/skraidanciosausytes.lt\\\/\",\"logo\":{\"@type\":\"ImageObject\",\"inLanguage\":\"lt-LT\",\"@id\":\"https:\\\/\\\/skraidanciosausytes.lt\\\/#\\\/schema\\\/logo\\\/image\\\/\",\"url\":\"https:\\\/\\\/skraidanciosausytes.lt\\\/wp-content\\\/uploads\\\/2024\\\/01\\\/FLYING-AUSSIE-KENNEL_COLOR_FIN-1-e1704563292101.png\",\"contentUrl\":\"https:\\\/\\\/skraidanciosausytes.lt\\\/wp-content\\\/uploads\\\/2024\\\/01\\\/FLYING-AUSSIE-KENNEL_COLOR_FIN-1-e1704563292101.png\",\"width\":150,\"height\":150,\"caption\":\"Flying Aussies kennel\"},\"image\":{\"@id\":\"https:\\\/\\\/skraidanciosausytes.lt\\\/#\\\/schema\\\/logo\\\/image\\\/\"},\"sameAs\":[\"https:\\\/\\\/www.facebook.com\\\/FlyingAussie\",\"https:\\\/\\\/www.instagram.com\\\/flying_aussie_kennel\\\/\"]}]}<\/script>\n<!-- \/ Yoast SEO plugin. -->","yoast_head_json":{"title":"Klausimynas b\u016bsimiems \u0161eimininkams\u200b - Skraidan\u010dios Ausyt\u0117s","description":"Klausimynas padeda mums suprasti J\u016bs\u0173 poreikius ir tai ko siekiate. Klausimai padeda pa\u017evelgti \u012f \u0161uns \u012fsigyjim\u0105 kitaip, nei man\u0117te iki \u0161iol","robots":{"index":"index","follow":"follow","max-snippet":"max-snippet:-1","max-image-preview":"max-image-preview:large","max-video-preview":"max-video-preview:-1"},"canonical":"https:\/\/skraidanciosausytes.lt\/index.php\/suniukai\/klausimynas\/","og_locale":"lt_LT","og_type":"article","og_title":"Klausimynas b\u016bsimiems \u0161eimininkams\u200b - Skraidan\u010dios Ausyt\u0117s","og_description":"Klausimynas padeda mums suprasti J\u016bs\u0173 poreikius ir tai ko siekiate. Klausimai padeda pa\u017evelgti \u012f \u0161uns \u012fsigyjim\u0105 kitaip, nei man\u0117te iki \u0161iol","og_url":"https:\/\/skraidanciosausytes.lt\/index.php\/suniukai\/klausimynas\/","og_site_name":"Skraidan\u010dios Ausyt\u0117s","article_publisher":"https:\/\/www.facebook.com\/FlyingAussie","article_modified_time":"2024-08-21T09:02:46+00:00","og_image":[{"width":2560,"height":1710,"url":"https:\/\/skraidanciosausytes.lt\/wp-content\/uploads\/2024\/01\/DSC01026-scaled.jpg","type":"image\/jpeg"}],"twitter_card":"summary_large_image","twitter_misc":{"Est. reading time":"1 minut\u0117"},"schema":{"@context":"https:\/\/schema.org","@graph":[{"@type":"WebPage","@id":"https:\/\/skraidanciosausytes.lt\/index.php\/suniukai\/klausimynas\/","url":"https:\/\/skraidanciosausytes.lt\/index.php\/suniukai\/klausimynas\/","name":"Klausimynas b\u016bsimiems \u0161eimininkams\u200b - Skraidan\u010dios Ausyt\u0117s","isPartOf":{"@id":"https:\/\/skraidanciosausytes.lt\/#website"},"datePublished":"2023-12-17T20:31:08+00:00","dateModified":"2024-08-21T09:02:46+00:00","description":"Klausimynas padeda mums suprasti J\u016bs\u0173 poreikius ir tai ko siekiate. Klausimai padeda pa\u017evelgti \u012f \u0161uns \u012fsigyjim\u0105 kitaip, nei man\u0117te iki \u0161iol","breadcrumb":{"@id":"https:\/\/skraidanciosausytes.lt\/index.php\/suniukai\/klausimynas\/#breadcrumb"},"inLanguage":"lt-LT","potentialAction":[{"@type":"ReadAction","target":["https:\/\/skraidanciosausytes.lt\/index.php\/suniukai\/klausimynas\/"]}]},{"@type":"BreadcrumbList","@id":"https:\/\/skraidanciosausytes.lt\/index.php\/suniukai\/klausimynas\/#breadcrumb","itemListElement":[{"@type":"ListItem","position":1,"name":"Home","item":"https:\/\/skraidanciosausytes.lt\/"},{"@type":"ListItem","position":2,"name":"Informacija apie \u0161uniuk\u0173 vadas","item":"https:\/\/skraidanciosausytes.lt\/index.php\/suniukai\/"},{"@type":"ListItem","position":3,"name":"Klausimynas b\u016bsimiems \u0161eimininkams\u200b"}]},{"@type":"WebSite","@id":"https:\/\/skraidanciosausytes.lt\/#website","url":"https:\/\/skraidanciosausytes.lt\/","name":"Flying Aussies","description":"Austral\u0173 Avingani\u0173 veislynas","publisher":{"@id":"https:\/\/skraidanciosausytes.lt\/#organization"},"alternateName":"Skraidancios Ausytes","potentialAction":[{"@type":"SearchAction","target":{"@type":"EntryPoint","urlTemplate":"https:\/\/skraidanciosausytes.lt\/?s={search_term_string}"},"query-input":{"@type":"PropertyValueSpecification","valueRequired":true,"valueName":"search_term_string"}}],"inLanguage":"lt-LT"},{"@type":"Organization","@id":"https:\/\/skraidanciosausytes.lt\/#organization","name":"Flying Aussies kennel","alternateName":"Skraidan\u010dios Ausyt\u0117s","url":"https:\/\/skraidanciosausytes.lt\/","logo":{"@type":"ImageObject","inLanguage":"lt-LT","@id":"https:\/\/skraidanciosausytes.lt\/#\/schema\/logo\/image\/","url":"https:\/\/skraidanciosausytes.lt\/wp-content\/uploads\/2024\/01\/FLYING-AUSSIE-KENNEL_COLOR_FIN-1-e1704563292101.png","contentUrl":"https:\/\/skraidanciosausytes.lt\/wp-content\/uploads\/2024\/01\/FLYING-AUSSIE-KENNEL_COLOR_FIN-1-e1704563292101.png","width":150,"height":150,"caption":"Flying Aussies kennel"},"image":{"@id":"https:\/\/skraidanciosausytes.lt\/#\/schema\/logo\/image\/"},"sameAs":["https:\/\/www.facebook.com\/FlyingAussie","https:\/\/www.instagram.com\/flying_aussie_kennel\/"]}]}},"_links":{"self":[{"href":"https:\/\/skraidanciosausytes.lt\/index.php\/wp-json\/wp\/v2\/pages\/10470","targetHints":{"allow":["GET"]}}],"collection":[{"href":"https:\/\/skraidanciosausytes.lt\/index.php\/wp-json\/wp\/v2\/pages"}],"about":[{"href":"https:\/\/skraidanciosausytes.lt\/index.php\/wp-json\/wp\/v2\/types\/page"}],"author":[{"embeddable":true,"href":"https:\/\/skraidanciosausytes.lt\/index.php\/wp-json\/wp\/v2\/users\/1"}],"replies":[{"embeddable":true,"href":"https:\/\/skraidanciosausytes.lt\/index.php\/wp-json\/wp\/v2\/comments?post=10470"}],"version-history":[{"count":17,"href":"https:\/\/skraidanciosausytes.lt\/index.php\/wp-json\/wp\/v2\/pages\/10470\/revisions"}],"predecessor-version":[{"id":11227,"href":"https:\/\/skraidanciosausytes.lt\/index.php\/wp-json\/wp\/v2\/pages\/10470\/revisions\/11227"}],"up":[{"embeddable":true,"href":"https:\/\/skraidanciosausytes.lt\/index.php\/wp-json\/wp\/v2\/pages\/8678"}],"wp:attachment":[{"href":"https:\/\/skraidanciosausytes.lt\/index.php\/wp-json\/wp\/v2\/media?parent=10470"}],"curies":[{"name":"wp","href":"https:\/\/api.w.org\/{rel}","templated":true}]}}