{"id":3699,"date":"2023-05-29T08:08:48","date_gmt":"2023-05-29T08:08:48","guid":{"rendered":"https:\/\/trekon.qodeinteractive.com\/?page_id=3699"},"modified":"2024-08-21T09:09:38","modified_gmt":"2024-08-21T09:09:38","slug":"indy","status":"publish","type":"page","link":"https:\/\/skraidanciosausytes.lt\/index.php\/musu-sunys\/indy\/","title":{"rendered":"Austral\u0173 avigan\u0117 Lucky Six Indy \u201eSkraidan\u010dios ausyt\u0117s\u201d"},"content":{"rendered":"\t\t<div data-elementor-type=\"wp-page\" data-elementor-id=\"3699\" class=\"elementor elementor-3699\">\n\t\t\t\t<div class=\"elementor-element elementor-element-e38ed1b e-con-full e-flex e-con e-parent\" data-id=\"e38ed1b\" data-element_type=\"container\" data-settings=\"{&quot;content_width&quot;:&quot;full&quot;,&quot;background_background&quot;:&quot;classic&quot;}\" data-core-v316-plus=\"true\">\n\t\t\t\t<\/div>\n\t\t<div class=\"elementor-element elementor-element-a3e2d72 e-flex e-con-boxed e-con e-parent\" data-id=\"a3e2d72\" data-element_type=\"container\" data-settings=\"{&quot;content_width&quot;:&quot;boxed&quot;}\" data-core-v316-plus=\"true\">\n\t\t\t\t\t<div class=\"e-con-inner\">\n\t\t\t\t<div class=\"elementor-element elementor-element-717775d elementor-widget elementor-widget-heading\" data-id=\"717775d\" data-element_type=\"widget\" data-widget_type=\"heading.default\">\n\t\t\t\t<div class=\"elementor-widget-container\">\n\t\t\t<style>\/*! elementor - v3.19.0 - 07-02-2024 *\/\n.elementor-heading-title{padding:0;margin:0;line-height:1}.elementor-widget-heading .elementor-heading-title[class*=elementor-size-]>a{color:inherit;font-size:inherit;line-height:inherit}.elementor-widget-heading .elementor-heading-title.elementor-size-small{font-size:15px}.elementor-widget-heading .elementor-heading-title.elementor-size-medium{font-size:19px}.elementor-widget-heading .elementor-heading-title.elementor-size-large{font-size:29px}.elementor-widget-heading .elementor-heading-title.elementor-size-xl{font-size:39px}.elementor-widget-heading .elementor-heading-title.elementor-size-xxl{font-size:59px}<\/style><h1 class=\"elementor-heading-title elementor-size-default\"><span style=\"background-color: rgb(255, 255, 255); color: var( --e-global-color-secondary ); font-family: var( --e-global-typography-primary-font-family ), Sans-serif; font-weight: var( --e-global-typography-primary-font-weight ); letter-spacing: -0.015em; text-align: var(--text-align);\">Austral\u0173 avigan\u0117 <\/span>INDY<\/h1>\t\t<\/div>\n\t\t\t\t<\/div>\n\t\t\t\t\t<\/div>\n\t\t\t\t<\/div>\n\t\t<div class=\"elementor-element elementor-element-4bcc2fa e-flex e-con-boxed e-con e-parent\" data-id=\"4bcc2fa\" data-element_type=\"container\" data-settings=\"{&quot;content_width&quot;:&quot;boxed&quot;}\" data-core-v316-plus=\"true\">\n\t\t\t\t\t<div class=\"e-con-inner\">\n\t\t<div class=\"elementor-element elementor-element-ca1c0d3 e-con-full e-flex e-con e-child\" data-id=\"ca1c0d3\" data-element_type=\"container\" data-settings=\"{&quot;content_width&quot;:&quot;full&quot;}\">\n\t\t\t\t<div class=\"elementor-element elementor-element-ae7b6ad elementor-widget elementor-widget-text-editor\" data-id=\"ae7b6ad\" data-element_type=\"widget\" data-widget_type=\"text-editor.default\">\n\t\t\t\t<div class=\"elementor-widget-container\">\n\t\t\t<style>\/*! elementor - v3.19.0 - 07-02-2024 *\/\n.elementor-widget-text-editor.elementor-drop-cap-view-stacked .elementor-drop-cap{background-color:#69727d;color:#fff}.elementor-widget-text-editor.elementor-drop-cap-view-framed .elementor-drop-cap{color:#69727d;border:3px solid;background-color:transparent}.elementor-widget-text-editor:not(.elementor-drop-cap-view-default) .elementor-drop-cap{margin-top:8px}.elementor-widget-text-editor:not(.elementor-drop-cap-view-default) .elementor-drop-cap-letter{width:1em;height:1em}.elementor-widget-text-editor .elementor-drop-cap{float:left;text-align:center;line-height:1;font-size:50px}.elementor-widget-text-editor .elementor-drop-cap-letter{display:inline-block}<\/style>\t\t\t\t<p style=\"background-color: #ffffff;\"><span style=\"font-weight: bolder;\">Dokumentinis vardas:<\/span>\u00a0Lucky Six Indy &#8222;Skraidan\u010dios ausyt\u0117s&#8221;<\/p><p><strong>Gimimo data:<\/strong>\u00a02016-03-15<\/p><p><strong>Spalva:<\/strong>\u00a0M\u0117lyno marmuro<\/p><p><strong>Registracijos numeris:<\/strong>\u00a0L\u0160VK 0262\/16<\/p><p><strong>T\u0117vas:<\/strong>\u00a0EASY V FOR VICTORY, SE14673\/2013, Black (SE)<\/p><p><strong>Mama:<\/strong>\u00a0KUBA ZVAIGZDES VAIKAI LSVK AS 0153\/14 ,Blue merle (LT)<\/p><p><strong>Veis\u0117jas:<\/strong>\u00a0Andrius Martinonis, kennel \u201cFlying aussie\u201d<\/p><p><strong>Savinikas:<\/strong>\u00a0Andrius Martinonis, kennel \u201cFlying aussie\u201d<\/p><p><strong>Akys:<\/strong> Sveikos (2023-12-01)<\/p><p><strong>Dantys:<\/strong> \u017dirklinis s\u0105kandis, i\u0161dyg\u0119 visi dantys<\/p><p><strong>Klub\u0173 displazija:<\/strong> A\/A<\/p><p><strong>Alk\u016bni\u0173 displazija:<\/strong> 0\/0<\/p><p>\u00a0<\/p><p><strong>HSF4:<\/strong>\u00a0+\/+ (Sveikas) (Paw Print Genetics)<\/p><p><strong>CEA:<\/strong>\u00a0+\/+ (Sveikas) (by parentage)<\/p><p><strong>PRA:<\/strong>\u00a0+\/+ (Sveikas) (by parentage)<\/p><p><strong>MDR1:<\/strong>\u00a0+\/- (Ne\u0161iotojas) (Paw Print Genetics)<\/p><p><strong>DM: \u00a0<\/strong>+\/- (Ne\u0161iotojas) (Paw Print Genetics)<\/p>\t\t\t\t\t\t<\/div>\n\t\t\t\t<\/div>\n\t\t\t\t<\/div>\n\t\t<div class=\"elementor-element elementor-element-77885be e-con-full e-flex e-con e-child\" data-id=\"77885be\" data-element_type=\"container\" data-settings=\"{&quot;content_width&quot;:&quot;full&quot;,&quot;background_background&quot;:&quot;classic&quot;}\">\n\t\t\t\t<div class=\"elementor-element elementor-element-ff58c31 elementor-widget elementor-widget-image\" data-id=\"ff58c31\" data-element_type=\"widget\" data-widget_type=\"image.default\">\n\t\t\t\t<div class=\"elementor-widget-container\">\n\t\t\t<style>\/*! elementor - v3.19.0 - 07-02-2024 *\/\n.elementor-widget-image{text-align:center}.elementor-widget-image a{display:inline-block}.elementor-widget-image a img[src$=\".svg\"]{width:48px}.elementor-widget-image img{vertical-align:middle;display:inline-block}<\/style>\t\t\t\t\t\t\t\t\t\t<img fetchpriority=\"high\" decoding=\"async\" width=\"1024\" height=\"684\" src=\"https:\/\/skraidanciosausytes.lt\/wp-content\/uploads\/2024\/01\/43823319_2052580455053658_106767913406431232_n-1024x684.jpg\" class=\"attachment-large size-large wp-image-9968\" alt=\"\" srcset=\"https:\/\/skraidanciosausytes.lt\/wp-content\/uploads\/2024\/01\/43823319_2052580455053658_106767913406431232_n-1024x684.jpg 1024w, https:\/\/skraidanciosausytes.lt\/wp-content\/uploads\/2024\/01\/43823319_2052580455053658_106767913406431232_n-300x200.jpg 300w, https:\/\/skraidanciosausytes.lt\/wp-content\/uploads\/2024\/01\/43823319_2052580455053658_106767913406431232_n-768x513.jpg 768w, https:\/\/skraidanciosausytes.lt\/wp-content\/uploads\/2024\/01\/43823319_2052580455053658_106767913406431232_n-1536x1025.jpg 1536w, https:\/\/skraidanciosausytes.lt\/wp-content\/uploads\/2024\/01\/43823319_2052580455053658_106767913406431232_n-600x400.jpg 600w, https:\/\/skraidanciosausytes.lt\/wp-content\/uploads\/2024\/01\/43823319_2052580455053658_106767913406431232_n.jpg 2048w\" sizes=\"(max-width: 1024px) 100vw, 1024px\" \/>\t\t\t\t\t\t\t\t\t\t\t\t\t<\/div>\n\t\t\t\t<\/div>\n\t\t\t\t<\/div>\n\t\t\t\t\t<\/div>\n\t\t\t\t<\/div>\n\t\t<div class=\"elementor-element elementor-element-04a4465 e-flex e-con-boxed e-con e-parent\" data-id=\"04a4465\" data-element_type=\"container\" data-settings=\"{&quot;content_width&quot;:&quot;boxed&quot;}\" data-core-v316-plus=\"true\">\n\t\t\t\t\t<div class=\"e-con-inner\">\n\t\t\t\t<div class=\"elementor-element elementor-element-ee2e8f1 elementor-widget elementor-widget-heading\" data-id=\"ee2e8f1\" data-element_type=\"widget\" data-widget_type=\"heading.default\">\n\t\t\t\t<div class=\"elementor-widget-container\">\n\t\t\t<h2 class=\"elementor-heading-title elementor-size-default\">Apie Indy<\/h2>\t\t<\/div>\n\t\t\t\t<\/div>\n\t\t\t\t\t<\/div>\n\t\t\t\t<\/div>\n\t\t<div class=\"elementor-element elementor-element-acd766e e-flex e-con-boxed e-con e-parent\" data-id=\"acd766e\" data-element_type=\"container\" data-settings=\"{&quot;content_width&quot;:&quot;boxed&quot;}\" data-core-v316-plus=\"true\">\n\t\t\t\t\t<div class=\"e-con-inner\">\n\t\t<div class=\"elementor-element elementor-element-d1aa2c7 e-con-full e-flex e-con e-child\" data-id=\"d1aa2c7\" data-element_type=\"container\" data-settings=\"{&quot;content_width&quot;:&quot;full&quot;}\">\n\t\t\t\t<div class=\"elementor-element elementor-element-3d62bef elementor-widget elementor-widget-text-editor\" data-id=\"3d62bef\" data-element_type=\"widget\" data-widget_type=\"text-editor.default\">\n\t\t\t\t<div class=\"elementor-widget-container\">\n\t\t\t\t\t\t\t<p>Charakteristika apie \u0161un\u012f<\/p><p>\u00a0<\/p><p><a href=\"https:\/\/web.archive.org\/web\/20220525090213\/https:\/\/skraidanciosausytes.lt\/sunys\/indy\/#1522087155298-27a1b1c9-32a8\" target=\"_blank\" rel=\"noopener\">Titulai<\/a><\/p><p>Lietuvos Jaunimo \u010cempion\u0117\u00a0<\/p><p>Latvijos Jaunimo \u010cempion\u0117\u00a0<\/p><p>Estijos Jaunimo \u010cempion\u0117\u00a0<\/p><p>Baltijos Jaunimo \u010cempion\u0117<\/p><p>Lietuvos\u00a0\u010cempion\u0117<\/p><p>Estijos\u00a0\u010cempion\u0117<\/p><p>Baltarusijos\u00a0\u010cempion\u0117<\/p><p>I\u0161laikytas ganymo instinkto testas (FCI NHAT)<\/p>\t\t\t\t\t\t<\/div>\n\t\t\t\t<\/div>\n\t\t\t\t<\/div>\n\t\t<div class=\"elementor-element elementor-element-9b679bc e-con-full e-flex e-con e-child\" data-id=\"9b679bc\" data-element_type=\"container\" data-settings=\"{&quot;content_width&quot;:&quot;full&quot;}\">\n\t\t\t\t<div class=\"elementor-element elementor-element-f49ab70 elementor-widget elementor-widget-image\" data-id=\"f49ab70\" data-element_type=\"widget\" data-widget_type=\"image.default\">\n\t\t\t\t<div class=\"elementor-widget-container\">\n\t\t\t\t\t\t\t\t\t\t\t\t\t<img decoding=\"async\" width=\"1024\" height=\"684\" src=\"https:\/\/skraidanciosausytes.lt\/wp-content\/uploads\/2024\/01\/DSC04700-1024x684.jpg\" class=\"attachment-large size-large wp-image-9359\" alt=\"\" srcset=\"https:\/\/skraidanciosausytes.lt\/wp-content\/uploads\/2024\/01\/DSC04700-1024x684.jpg 1024w, https:\/\/skraidanciosausytes.lt\/wp-content\/uploads\/2024\/01\/DSC04700-300x200.jpg 300w, https:\/\/skraidanciosausytes.lt\/wp-content\/uploads\/2024\/01\/DSC04700-768x513.jpg 768w, https:\/\/skraidanciosausytes.lt\/wp-content\/uploads\/2024\/01\/DSC04700-1536x1026.jpg 1536w, https:\/\/skraidanciosausytes.lt\/wp-content\/uploads\/2024\/01\/DSC04700-2048x1368.jpg 2048w\" sizes=\"(max-width: 1024px) 100vw, 1024px\" \/>\t\t\t\t\t\t\t\t\t\t\t\t\t<\/div>\n\t\t\t\t<\/div>\n\t\t\t\t<\/div>\n\t\t\t\t\t<\/div>\n\t\t\t\t<\/div>\n\t\t<div class=\"elementor-element elementor-element-b117035 e-flex e-con-boxed e-con e-parent\" data-id=\"b117035\" data-element_type=\"container\" data-settings=\"{&quot;content_width&quot;:&quot;boxed&quot;}\" data-core-v316-plus=\"true\">\n\t\t\t\t\t<div class=\"e-con-inner\">\n\t\t\t\t\t<\/div>\n\t\t\t\t<\/div>\n\t\t<div class=\"elementor-element elementor-element-d18bad4 e-flex e-con-boxed e-con e-parent\" data-id=\"d18bad4\" data-element_type=\"container\" data-settings=\"{&quot;content_width&quot;:&quot;boxed&quot;}\" data-core-v316-plus=\"true\">\n\t\t\t\t\t<div class=\"e-con-inner\">\n\t\t\t\t<div class=\"elementor-element elementor-element-4d2dae8 elementor-widget elementor-widget-qi_addons_for_elementor_image_gallery\" data-id=\"4d2dae8\" data-element_type=\"widget\" data-widget_type=\"qi_addons_for_elementor_image_gallery.default\">\n\t\t\t\t<div class=\"elementor-widget-container\">\n\t\t\t<div class=\"qodef-shortcode qodef-m qodef-qi-image-gallery qodef-qi-fslightbox-popup qodef-popup-gallery qodef-image--hover-zoom qodef-qi-grid qodef-layout--qi-columns qodef-col-num--6 qodef-responsive--predefined\">\n\t<div class=\"qodef-grid-inner\">\n\t\t<div class=\"qodef-e qodef-image-wrapper qodef-grid-item\">\n\t<div class=\"qodef-e-inner\">\n\t\t\t\t\t<a class=\"qodef-popup-item\" itemprop=\"image\" href=\"\" data-type=\"image\" data-fslightbox=\"gallery-222\">\n\t\t\t\t\t\t\t\t\t\t<\/a>\n\t\t\t<\/div>\n<\/div>\n<div class=\"qodef-e qodef-image-wrapper qodef-grid-item\">\n\t<div class=\"qodef-e-inner\">\n\t\t\t\t\t<a class=\"qodef-popup-item\" itemprop=\"image\" href=\"\" data-type=\"image\" data-fslightbox=\"gallery-222\">\n\t\t\t\t\t\t\t\t\t\t<\/a>\n\t\t\t<\/div>\n<\/div>\n<div class=\"qodef-e qodef-image-wrapper qodef-grid-item\">\n\t<div class=\"qodef-e-inner\">\n\t\t\t\t\t<a class=\"qodef-popup-item\" itemprop=\"image\" href=\"\" data-type=\"image\" data-fslightbox=\"gallery-222\">\n\t\t\t\t\t\t\t\t\t\t<\/a>\n\t\t\t<\/div>\n<\/div>\n<div class=\"qodef-e qodef-image-wrapper qodef-grid-item\">\n\t<div class=\"qodef-e-inner\">\n\t\t\t\t\t<a class=\"qodef-popup-item\" itemprop=\"image\" href=\"\" data-type=\"image\" data-fslightbox=\"gallery-222\">\n\t\t\t\t\t\t\t\t\t\t<\/a>\n\t\t\t<\/div>\n<\/div>\n<div class=\"qodef-e qodef-image-wrapper qodef-grid-item\">\n\t<div class=\"qodef-e-inner\">\n\t\t\t\t\t<a class=\"qodef-popup-item\" itemprop=\"image\" href=\"\" data-type=\"image\" data-fslightbox=\"gallery-222\">\n\t\t\t\t\t\t\t\t\t\t<\/a>\n\t\t\t<\/div>\n<\/div>\n<div class=\"qodef-e qodef-image-wrapper qodef-grid-item\">\n\t<div class=\"qodef-e-inner\">\n\t\t\t\t\t<a class=\"qodef-popup-item\" itemprop=\"image\" href=\"\" data-type=\"image\" data-fslightbox=\"gallery-222\">\n\t\t\t\t\t\t\t\t\t\t<\/a>\n\t\t\t<\/div>\n<\/div>\n<div class=\"qodef-e qodef-image-wrapper qodef-grid-item\">\n\t<div class=\"qodef-e-inner\">\n\t\t\t\t\t<a class=\"qodef-popup-item\" itemprop=\"image\" href=\"\" data-type=\"image\" data-fslightbox=\"gallery-222\">\n\t\t\t\t\t\t\t\t\t\t<\/a>\n\t\t\t<\/div>\n<\/div>\n<div class=\"qodef-e qodef-image-wrapper qodef-grid-item\">\n\t<div class=\"qodef-e-inner\">\n\t\t\t\t\t<a class=\"qodef-popup-item\" itemprop=\"image\" href=\"\" data-type=\"image\" data-fslightbox=\"gallery-222\">\n\t\t\t\t\t\t\t\t\t\t<\/a>\n\t\t\t<\/div>\n<\/div>\n\t<\/div>\n<\/div>\n\t\t<\/div>\n\t\t\t\t<\/div>\n\t\t\t\t\t<\/div>\n\t\t\t\t<\/div>\n\t\t\t\t<\/div>\n\t\t","protected":false},"excerpt":{"rendered":"<p>Austral\u0173 avigan\u0117 INDY Dokumentinis vardas:&nbsp;Lucky Six Indy &#8222;Skraidan\u010dios ausyt\u0117s&#8221; Gimimo data:&nbsp;2016-03-15 Spalva:&nbsp;M\u0117lyno marmuro Registracijos numeris:&nbsp;L\u0160VK 0262\/16 T\u0117vas:&nbsp;EASY V FOR VICTORY, SE14673\/2013, Black (SE) Mama:&nbsp;KUBA ZVAIGZDES VAIKAI LSVK AS 0153\/14 ,Blue merle (LT) Veis\u0117jas:&nbsp;Andrius Martinonis, kennel \u201cFlying aussie\u201d Savinikas:&nbsp;Andrius Martinonis, kennel \u201cFlying aussie\u201d Akys: Sveikos (2023-12-01) Dantys: \u017dirklinis s\u0105kandis, i\u0161dyg\u0119 visi dantys Klub\u0173 displazija: A\/A Alk\u016bni\u0173 [&hellip;]<\/p>\n","protected":false},"author":1,"featured_media":0,"parent":3118,"menu_order":0,"comment_status":"closed","ping_status":"closed","template":"page-full-width.php","meta":{"footnotes":""},"class_list":["post-3699","page","type-page","status-publish","hentry"],"yoast_head":"<!-- This site is optimized with the Yoast SEO plugin v27.5 - https:\/\/yoast.com\/product\/yoast-seo-wordpress\/ -->\n<title>Austral\u0173 avigan\u0117 Lucky Six Indy \u201eSkraidan\u010dios ausyt\u0117s\u201d<\/title>\n<meta name=\"description\" content=\"Indy - \u0161uo privert\u0119s teis\u0117jus \u0161okin\u0117ti. Ji puiki judesyje, pasi\u017eymi greita reakcija ir i\u0161tverme. Tai auk\u0161to kontakto ir puikios energijos \u0161uo\" \/>\n<meta name=\"robots\" content=\"index, follow, max-snippet:-1, max-image-preview:large, max-video-preview:-1\" \/>\n<link rel=\"canonical\" href=\"https:\/\/skraidanciosausytes.lt\/index.php\/musu-sunys\/indy\/\" \/>\n<meta property=\"og:locale\" content=\"lt_LT\" \/>\n<meta property=\"og:type\" content=\"article\" \/>\n<meta property=\"og:title\" content=\"Austral\u0173 avigan\u0117 Lucky Six Indy \u201eSkraidan\u010dios ausyt\u0117s\u201d\" \/>\n<meta property=\"og:description\" content=\"Indy - \u0161uo privert\u0119s teis\u0117jus \u0161okin\u0117ti. Ji puiki judesyje, pasi\u017eymi greita reakcija ir i\u0161tverme. Tai auk\u0161to kontakto ir puikios energijos \u0161uo\" \/>\n<meta property=\"og:url\" content=\"https:\/\/skraidanciosausytes.lt\/index.php\/musu-sunys\/indy\/\" \/>\n<meta property=\"og:site_name\" content=\"Skraidan\u010dios Ausyt\u0117s\" \/>\n<meta property=\"article:publisher\" content=\"https:\/\/www.facebook.com\/FlyingAussie\" \/>\n<meta property=\"article:modified_time\" content=\"2024-08-21T09:09:38+00:00\" \/>\n<meta property=\"og:image\" content=\"https:\/\/skraidanciosausytes.lt\/wp-content\/uploads\/2024\/01\/43823319_2052580455053658_106767913406431232_n-1024x684.jpg\" \/>\n<meta name=\"twitter:card\" content=\"summary_large_image\" \/>\n<meta name=\"twitter:label1\" content=\"Est. reading time\" \/>\n\t<meta name=\"twitter:data1\" content=\"2 minut\u0117s\" \/>\n<script type=\"application\/ld+json\" class=\"yoast-schema-graph\">{\"@context\":\"https:\\\/\\\/schema.org\",\"@graph\":[{\"@type\":\"WebPage\",\"@id\":\"https:\\\/\\\/skraidanciosausytes.lt\\\/index.php\\\/musu-sunys\\\/indy\\\/\",\"url\":\"https:\\\/\\\/skraidanciosausytes.lt\\\/index.php\\\/musu-sunys\\\/indy\\\/\",\"name\":\"Austral\u0173 avigan\u0117 Lucky Six Indy \u201eSkraidan\u010dios ausyt\u0117s\u201d\",\"isPartOf\":{\"@id\":\"https:\\\/\\\/skraidanciosausytes.lt\\\/#website\"},\"primaryImageOfPage\":{\"@id\":\"https:\\\/\\\/skraidanciosausytes.lt\\\/index.php\\\/musu-sunys\\\/indy\\\/#primaryimage\"},\"image\":{\"@id\":\"https:\\\/\\\/skraidanciosausytes.lt\\\/index.php\\\/musu-sunys\\\/indy\\\/#primaryimage\"},\"thumbnailUrl\":\"https:\\\/\\\/skraidanciosausytes.lt\\\/wp-content\\\/uploads\\\/2024\\\/01\\\/43823319_2052580455053658_106767913406431232_n-1024x684.jpg\",\"datePublished\":\"2023-05-29T08:08:48+00:00\",\"dateModified\":\"2024-08-21T09:09:38+00:00\",\"description\":\"Indy - \u0161uo privert\u0119s teis\u0117jus \u0161okin\u0117ti. Ji puiki judesyje, pasi\u017eymi greita reakcija ir i\u0161tverme. Tai auk\u0161to kontakto ir puikios energijos \u0161uo\",\"breadcrumb\":{\"@id\":\"https:\\\/\\\/skraidanciosausytes.lt\\\/index.php\\\/musu-sunys\\\/indy\\\/#breadcrumb\"},\"inLanguage\":\"lt-LT\",\"potentialAction\":[{\"@type\":\"ReadAction\",\"target\":[\"https:\\\/\\\/skraidanciosausytes.lt\\\/index.php\\\/musu-sunys\\\/indy\\\/\"]}]},{\"@type\":\"ImageObject\",\"inLanguage\":\"lt-LT\",\"@id\":\"https:\\\/\\\/skraidanciosausytes.lt\\\/index.php\\\/musu-sunys\\\/indy\\\/#primaryimage\",\"url\":\"https:\\\/\\\/skraidanciosausytes.lt\\\/wp-content\\\/uploads\\\/2024\\\/01\\\/43823319_2052580455053658_106767913406431232_n.jpg\",\"contentUrl\":\"https:\\\/\\\/skraidanciosausytes.lt\\\/wp-content\\\/uploads\\\/2024\\\/01\\\/43823319_2052580455053658_106767913406431232_n.jpg\",\"width\":2048,\"height\":1367},{\"@type\":\"BreadcrumbList\",\"@id\":\"https:\\\/\\\/skraidanciosausytes.lt\\\/index.php\\\/musu-sunys\\\/indy\\\/#breadcrumb\",\"itemListElement\":[{\"@type\":\"ListItem\",\"position\":1,\"name\":\"Home\",\"item\":\"https:\\\/\\\/skraidanciosausytes.lt\\\/\"},{\"@type\":\"ListItem\",\"position\":2,\"name\":\"M\u016bs\u0173 \u0161unys\",\"item\":\"https:\\\/\\\/skraidanciosausytes.lt\\\/index.php\\\/musu-sunys\\\/\"},{\"@type\":\"ListItem\",\"position\":3,\"name\":\"Austral\u0173 avigan\u0117 Lucky Six Indy \u201eSkraidan\u010dios ausyt\u0117s\u201d\"}]},{\"@type\":\"WebSite\",\"@id\":\"https:\\\/\\\/skraidanciosausytes.lt\\\/#website\",\"url\":\"https:\\\/\\\/skraidanciosausytes.lt\\\/\",\"name\":\"Flying Aussies\",\"description\":\"Austral\u0173 Avingani\u0173 veislynas\",\"publisher\":{\"@id\":\"https:\\\/\\\/skraidanciosausytes.lt\\\/#organization\"},\"alternateName\":\"Skraidancios Ausytes\",\"potentialAction\":[{\"@type\":\"SearchAction\",\"target\":{\"@type\":\"EntryPoint\",\"urlTemplate\":\"https:\\\/\\\/skraidanciosausytes.lt\\\/?s={search_term_string}\"},\"query-input\":{\"@type\":\"PropertyValueSpecification\",\"valueRequired\":true,\"valueName\":\"search_term_string\"}}],\"inLanguage\":\"lt-LT\"},{\"@type\":\"Organization\",\"@id\":\"https:\\\/\\\/skraidanciosausytes.lt\\\/#organization\",\"name\":\"Flying Aussies kennel\",\"alternateName\":\"Skraidan\u010dios Ausyt\u0117s\",\"url\":\"https:\\\/\\\/skraidanciosausytes.lt\\\/\",\"logo\":{\"@type\":\"ImageObject\",\"inLanguage\":\"lt-LT\",\"@id\":\"https:\\\/\\\/skraidanciosausytes.lt\\\/#\\\/schema\\\/logo\\\/image\\\/\",\"url\":\"https:\\\/\\\/skraidanciosausytes.lt\\\/wp-content\\\/uploads\\\/2024\\\/01\\\/FLYING-AUSSIE-KENNEL_COLOR_FIN-1-e1704563292101.png\",\"contentUrl\":\"https:\\\/\\\/skraidanciosausytes.lt\\\/wp-content\\\/uploads\\\/2024\\\/01\\\/FLYING-AUSSIE-KENNEL_COLOR_FIN-1-e1704563292101.png\",\"width\":150,\"height\":150,\"caption\":\"Flying Aussies kennel\"},\"image\":{\"@id\":\"https:\\\/\\\/skraidanciosausytes.lt\\\/#\\\/schema\\\/logo\\\/image\\\/\"},\"sameAs\":[\"https:\\\/\\\/www.facebook.com\\\/FlyingAussie\",\"https:\\\/\\\/www.instagram.com\\\/flying_aussie_kennel\\\/\"]}]}<\/script>\n<!-- \/ Yoast SEO plugin. -->","yoast_head_json":{"title":"Austral\u0173 avigan\u0117 Lucky Six Indy \u201eSkraidan\u010dios ausyt\u0117s\u201d","description":"Indy - \u0161uo privert\u0119s teis\u0117jus \u0161okin\u0117ti. Ji puiki judesyje, pasi\u017eymi greita reakcija ir i\u0161tverme. Tai auk\u0161to kontakto ir puikios energijos \u0161uo","robots":{"index":"index","follow":"follow","max-snippet":"max-snippet:-1","max-image-preview":"max-image-preview:large","max-video-preview":"max-video-preview:-1"},"canonical":"https:\/\/skraidanciosausytes.lt\/index.php\/musu-sunys\/indy\/","og_locale":"lt_LT","og_type":"article","og_title":"Austral\u0173 avigan\u0117 Lucky Six Indy \u201eSkraidan\u010dios ausyt\u0117s\u201d","og_description":"Indy - \u0161uo privert\u0119s teis\u0117jus \u0161okin\u0117ti. Ji puiki judesyje, pasi\u017eymi greita reakcija ir i\u0161tverme. Tai auk\u0161to kontakto ir puikios energijos \u0161uo","og_url":"https:\/\/skraidanciosausytes.lt\/index.php\/musu-sunys\/indy\/","og_site_name":"Skraidan\u010dios Ausyt\u0117s","article_publisher":"https:\/\/www.facebook.com\/FlyingAussie","article_modified_time":"2024-08-21T09:09:38+00:00","og_image":[{"url":"https:\/\/skraidanciosausytes.lt\/wp-content\/uploads\/2024\/01\/43823319_2052580455053658_106767913406431232_n-1024x684.jpg","type":"","width":"","height":""}],"twitter_card":"summary_large_image","twitter_misc":{"Est. reading time":"2 minut\u0117s"},"schema":{"@context":"https:\/\/schema.org","@graph":[{"@type":"WebPage","@id":"https:\/\/skraidanciosausytes.lt\/index.php\/musu-sunys\/indy\/","url":"https:\/\/skraidanciosausytes.lt\/index.php\/musu-sunys\/indy\/","name":"Austral\u0173 avigan\u0117 Lucky Six Indy \u201eSkraidan\u010dios ausyt\u0117s\u201d","isPartOf":{"@id":"https:\/\/skraidanciosausytes.lt\/#website"},"primaryImageOfPage":{"@id":"https:\/\/skraidanciosausytes.lt\/index.php\/musu-sunys\/indy\/#primaryimage"},"image":{"@id":"https:\/\/skraidanciosausytes.lt\/index.php\/musu-sunys\/indy\/#primaryimage"},"thumbnailUrl":"https:\/\/skraidanciosausytes.lt\/wp-content\/uploads\/2024\/01\/43823319_2052580455053658_106767913406431232_n-1024x684.jpg","datePublished":"2023-05-29T08:08:48+00:00","dateModified":"2024-08-21T09:09:38+00:00","description":"Indy - \u0161uo privert\u0119s teis\u0117jus \u0161okin\u0117ti. Ji puiki judesyje, pasi\u017eymi greita reakcija ir i\u0161tverme. Tai auk\u0161to kontakto ir puikios energijos \u0161uo","breadcrumb":{"@id":"https:\/\/skraidanciosausytes.lt\/index.php\/musu-sunys\/indy\/#breadcrumb"},"inLanguage":"lt-LT","potentialAction":[{"@type":"ReadAction","target":["https:\/\/skraidanciosausytes.lt\/index.php\/musu-sunys\/indy\/"]}]},{"@type":"ImageObject","inLanguage":"lt-LT","@id":"https:\/\/skraidanciosausytes.lt\/index.php\/musu-sunys\/indy\/#primaryimage","url":"https:\/\/skraidanciosausytes.lt\/wp-content\/uploads\/2024\/01\/43823319_2052580455053658_106767913406431232_n.jpg","contentUrl":"https:\/\/skraidanciosausytes.lt\/wp-content\/uploads\/2024\/01\/43823319_2052580455053658_106767913406431232_n.jpg","width":2048,"height":1367},{"@type":"BreadcrumbList","@id":"https:\/\/skraidanciosausytes.lt\/index.php\/musu-sunys\/indy\/#breadcrumb","itemListElement":[{"@type":"ListItem","position":1,"name":"Home","item":"https:\/\/skraidanciosausytes.lt\/"},{"@type":"ListItem","position":2,"name":"M\u016bs\u0173 \u0161unys","item":"https:\/\/skraidanciosausytes.lt\/index.php\/musu-sunys\/"},{"@type":"ListItem","position":3,"name":"Austral\u0173 avigan\u0117 Lucky Six Indy \u201eSkraidan\u010dios ausyt\u0117s\u201d"}]},{"@type":"WebSite","@id":"https:\/\/skraidanciosausytes.lt\/#website","url":"https:\/\/skraidanciosausytes.lt\/","name":"Flying Aussies","description":"Austral\u0173 Avingani\u0173 veislynas","publisher":{"@id":"https:\/\/skraidanciosausytes.lt\/#organization"},"alternateName":"Skraidancios Ausytes","potentialAction":[{"@type":"SearchAction","target":{"@type":"EntryPoint","urlTemplate":"https:\/\/skraidanciosausytes.lt\/?s={search_term_string}"},"query-input":{"@type":"PropertyValueSpecification","valueRequired":true,"valueName":"search_term_string"}}],"inLanguage":"lt-LT"},{"@type":"Organization","@id":"https:\/\/skraidanciosausytes.lt\/#organization","name":"Flying Aussies kennel","alternateName":"Skraidan\u010dios Ausyt\u0117s","url":"https:\/\/skraidanciosausytes.lt\/","logo":{"@type":"ImageObject","inLanguage":"lt-LT","@id":"https:\/\/skraidanciosausytes.lt\/#\/schema\/logo\/image\/","url":"https:\/\/skraidanciosausytes.lt\/wp-content\/uploads\/2024\/01\/FLYING-AUSSIE-KENNEL_COLOR_FIN-1-e1704563292101.png","contentUrl":"https:\/\/skraidanciosausytes.lt\/wp-content\/uploads\/2024\/01\/FLYING-AUSSIE-KENNEL_COLOR_FIN-1-e1704563292101.png","width":150,"height":150,"caption":"Flying Aussies kennel"},"image":{"@id":"https:\/\/skraidanciosausytes.lt\/#\/schema\/logo\/image\/"},"sameAs":["https:\/\/www.facebook.com\/FlyingAussie","https:\/\/www.instagram.com\/flying_aussie_kennel\/"]}]}},"_links":{"self":[{"href":"https:\/\/skraidanciosausytes.lt\/index.php\/wp-json\/wp\/v2\/pages\/3699","targetHints":{"allow":["GET"]}}],"collection":[{"href":"https:\/\/skraidanciosausytes.lt\/index.php\/wp-json\/wp\/v2\/pages"}],"about":[{"href":"https:\/\/skraidanciosausytes.lt\/index.php\/wp-json\/wp\/v2\/types\/page"}],"author":[{"embeddable":true,"href":"https:\/\/skraidanciosausytes.lt\/index.php\/wp-json\/wp\/v2\/users\/1"}],"replies":[{"embeddable":true,"href":"https:\/\/skraidanciosausytes.lt\/index.php\/wp-json\/wp\/v2\/comments?post=3699"}],"version-history":[{"count":40,"href":"https:\/\/skraidanciosausytes.lt\/index.php\/wp-json\/wp\/v2\/pages\/3699\/revisions"}],"predecessor-version":[{"id":11224,"href":"https:\/\/skraidanciosausytes.lt\/index.php\/wp-json\/wp\/v2\/pages\/3699\/revisions\/11224"}],"up":[{"embeddable":true,"href":"https:\/\/skraidanciosausytes.lt\/index.php\/wp-json\/wp\/v2\/pages\/3118"}],"wp:attachment":[{"href":"https:\/\/skraidanciosausytes.lt\/index.php\/wp-json\/wp\/v2\/media?parent=3699"}],"curies":[{"name":"wp","href":"https:\/\/api.w.org\/{rel}","templated":true}]}}