{"id":3795,"date":"2023-05-19T09:17:26","date_gmt":"2023-05-19T09:17:26","guid":{"rendered":"https:\/\/trekon.qodeinteractive.com\/?page_id=3795"},"modified":"2024-08-21T07:26:46","modified_gmt":"2024-08-21T07:26:46","slug":"contact-us","status":"publish","type":"page","link":"https:\/\/skraidanciosausytes.lt\/index.php\/contact-us\/","title":{"rendered":"Susisiekite"},"content":{"rendered":"\t\t<div data-elementor-type=\"wp-page\" data-elementor-id=\"3795\" class=\"elementor elementor-3795\">\n\t\t\t\t\t\t<section class=\"elementor-section elementor-top-section elementor-element elementor-element-b5bc304 elementor-section-full_width elementor-section-height-min-height elementor-section-content-bottom elementor-section-height-default elementor-section-items-middle\" data-id=\"b5bc304\" data-element_type=\"section\">\n\t\t\t\t\t\t<div class=\"elementor-container elementor-column-gap-no\">\n\t\t\t\t\t<div class=\"elementor-column elementor-col-50 elementor-top-column elementor-element elementor-element-064550f\" data-id=\"064550f\" data-element_type=\"column\">\n\t\t\t<div class=\"elementor-widget-wrap elementor-element-populated\">\n\t\t\t\t\t\t<div class=\"elementor-element elementor-element-1d87194 elementor-widget elementor-widget-trekon_core_section_title\" data-id=\"1d87194\" data-element_type=\"widget\" data-widget_type=\"trekon_core_section_title.default\">\n\t\t\t\t<div class=\"elementor-widget-container\">\n\t\t\t<div class=\"qodef-shortcode qodef-m  qodef-section-title qodef-alignment--left \">\n\t\t<h2 class=\"qodef-m-title\" >\n\t\t\t\t\tKilo klausim\u0173? Pasikalb\u0117kime!\t\t\t<\/h2>\n\t<\/div>\n\t\t<\/div>\n\t\t\t\t<\/div>\n\t\t\t\t<section class=\"elementor-section elementor-inner-section elementor-element elementor-element-87fd819 elementor-section-boxed elementor-section-height-default elementor-section-height-default\" data-id=\"87fd819\" data-element_type=\"section\">\n\t\t\t\t\t\t<div class=\"elementor-container elementor-column-gap-no\">\n\t\t\t\t\t<div class=\"elementor-column elementor-col-50 elementor-inner-column elementor-element elementor-element-8ad0e2a\" data-id=\"8ad0e2a\" data-element_type=\"column\" data-settings=\"{&quot;background_background&quot;:&quot;classic&quot;}\">\n\t\t\t<div class=\"elementor-widget-wrap elementor-element-populated\">\n\t\t\t\t\t\t<div class=\"elementor-element elementor-element-25423c1 elementor-widget elementor-widget-text-editor\" data-id=\"25423c1\" data-element_type=\"widget\" data-widget_type=\"text-editor.default\">\n\t\t\t\t<div class=\"elementor-widget-container\">\n\t\t\t<style>\/*! elementor - v3.19.0 - 07-02-2024 *\/\n.elementor-widget-text-editor.elementor-drop-cap-view-stacked .elementor-drop-cap{background-color:#69727d;color:#fff}.elementor-widget-text-editor.elementor-drop-cap-view-framed .elementor-drop-cap{color:#69727d;border:3px solid;background-color:transparent}.elementor-widget-text-editor:not(.elementor-drop-cap-view-default) .elementor-drop-cap{margin-top:8px}.elementor-widget-text-editor:not(.elementor-drop-cap-view-default) .elementor-drop-cap-letter{width:1em;height:1em}.elementor-widget-text-editor .elementor-drop-cap{float:left;text-align:center;line-height:1;font-size:50px}.elementor-widget-text-editor .elementor-drop-cap-letter{display:inline-block}<\/style>\t\t\t\t\t\t\t\t\t\t<\/div>\n\t\t\t\t<\/div>\n\t\t<div class=\"elementor-element elementor-element-a53d495 e-con-full e-flex e-con e-parent\" data-id=\"a53d495\" data-element_type=\"container\" data-settings=\"{&quot;content_width&quot;:&quot;full&quot;}\" data-core-v316-plus=\"true\">\n\t\t\t\t<div class=\"elementor-element elementor-element-ceccea5 elementor-widget elementor-widget-image\" data-id=\"ceccea5\" data-element_type=\"widget\" data-widget_type=\"image.default\">\n\t\t\t\t<div class=\"elementor-widget-container\">\n\t\t\t<style>\/*! elementor - v3.19.0 - 07-02-2024 *\/\n.elementor-widget-image{text-align:center}.elementor-widget-image a{display:inline-block}.elementor-widget-image a img[src$=\".svg\"]{width:48px}.elementor-widget-image img{vertical-align:middle;display:inline-block}<\/style>\t\t\t\t\t\t\t\t\t\t<img fetchpriority=\"high\" decoding=\"async\" width=\"1024\" height=\"683\" src=\"https:\/\/skraidanciosausytes.lt\/wp-content\/uploads\/2024\/01\/FB_IMG_1555435058260-1024x683.jpg\" class=\"attachment-large size-large wp-image-9765\" alt=\"\" srcset=\"https:\/\/skraidanciosausytes.lt\/wp-content\/uploads\/2024\/01\/FB_IMG_1555435058260-1024x683.jpg 1024w, https:\/\/skraidanciosausytes.lt\/wp-content\/uploads\/2024\/01\/FB_IMG_1555435058260-300x200.jpg 300w, https:\/\/skraidanciosausytes.lt\/wp-content\/uploads\/2024\/01\/FB_IMG_1555435058260-768x512.jpg 768w, https:\/\/skraidanciosausytes.lt\/wp-content\/uploads\/2024\/01\/FB_IMG_1555435058260-600x400.jpg 600w, https:\/\/skraidanciosausytes.lt\/wp-content\/uploads\/2024\/01\/FB_IMG_1555435058260.jpg 1080w\" sizes=\"(max-width: 1024px) 100vw, 1024px\" \/>\t\t\t\t\t\t\t\t\t\t\t\t\t<\/div>\n\t\t\t\t<\/div>\n\t\t\t\t<\/div>\n\t\t\t\t<div class=\"elementor-element elementor-element-94e5bd0 elementor-widget elementor-widget-text-editor\" data-id=\"94e5bd0\" data-element_type=\"widget\" data-widget_type=\"text-editor.default\">\n\t\t\t\t<div class=\"elementor-widget-container\">\n\t\t\t\t\t\t\t<h4>Andrius<\/h4><p>Tel. +370 676 64080<\/p>\t\t\t\t\t\t<\/div>\n\t\t\t\t<\/div>\n\t\t\t\t\t<\/div>\n\t\t<\/div>\n\t\t\t\t<div class=\"elementor-column elementor-col-50 elementor-inner-column elementor-element elementor-element-da32e21\" data-id=\"da32e21\" data-element_type=\"column\">\n\t\t\t<div class=\"elementor-widget-wrap elementor-element-populated\">\n\t\t\t\t\t\t<div class=\"elementor-element elementor-element-0723387 elementor-widget elementor-widget-text-editor\" data-id=\"0723387\" data-element_type=\"widget\" data-widget_type=\"text-editor.default\">\n\t\t\t\t<div class=\"elementor-widget-container\">\n\t\t\t\t\t\t\t\t\t\t\t\t\t<\/div>\n\t\t\t\t<\/div>\n\t\t<div class=\"elementor-element elementor-element-b676a8a e-con-full e-flex e-con e-parent\" data-id=\"b676a8a\" data-element_type=\"container\" data-settings=\"{&quot;content_width&quot;:&quot;full&quot;}\" data-core-v316-plus=\"true\">\n\t\t\t\t<div class=\"elementor-element elementor-element-27e1344 elementor-widget elementor-widget-image\" data-id=\"27e1344\" data-element_type=\"widget\" data-widget_type=\"image.default\">\n\t\t\t\t<div class=\"elementor-widget-container\">\n\t\t\t\t\t\t\t\t\t\t\t\t\t<img decoding=\"async\" width=\"1024\" height=\"674\" src=\"https:\/\/skraidanciosausytes.lt\/wp-content\/uploads\/2024\/01\/DSC04807-1024x674.jpg\" class=\"attachment-large size-large wp-image-9362\" alt=\"\" srcset=\"https:\/\/skraidanciosausytes.lt\/wp-content\/uploads\/2024\/01\/DSC04807-1024x674.jpg 1024w, https:\/\/skraidanciosausytes.lt\/wp-content\/uploads\/2024\/01\/DSC04807-300x197.jpg 300w, https:\/\/skraidanciosausytes.lt\/wp-content\/uploads\/2024\/01\/DSC04807-768x505.jpg 768w, https:\/\/skraidanciosausytes.lt\/wp-content\/uploads\/2024\/01\/DSC04807-1536x1011.jpg 1536w, https:\/\/skraidanciosausytes.lt\/wp-content\/uploads\/2024\/01\/DSC04807-2048x1348.jpg 2048w\" sizes=\"(max-width: 1024px) 100vw, 1024px\" \/>\t\t\t\t\t\t\t\t\t\t\t\t\t<\/div>\n\t\t\t\t<\/div>\n\t\t\t\t<\/div>\n\t\t\t\t<div class=\"elementor-element elementor-element-f4a0ca2 elementor-widget elementor-widget-text-editor\" data-id=\"f4a0ca2\" data-element_type=\"widget\" data-widget_type=\"text-editor.default\">\n\t\t\t\t<div class=\"elementor-widget-container\">\n\t\t\t\t\t\t\t<h4>Aurelija<\/h4><p>Tel.\u00a0<span style=\"white-space-collapse: preserve; color: var( --e-global-color-text ); font-family: var( --e-global-typography-text-font-family ), Sans-serif; font-weight: var( --e-global-typography-text-font-weight );\">+37067204598<\/span><\/p>\t\t\t\t\t\t<\/div>\n\t\t\t\t<\/div>\n\t\t\t\t<div class=\"elementor-element elementor-element-fecefc1 elementor-widget elementor-widget-text-editor\" data-id=\"fecefc1\" data-element_type=\"widget\" data-widget_type=\"text-editor.default\">\n\t\t\t\t<div class=\"elementor-widget-container\">\n\t\t\t\t\t\t\t\t\t\t\t\t\t<\/div>\n\t\t\t\t<\/div>\n\t\t\t\t<div class=\"elementor-element elementor-element-5dca031 elementor-widget__width-auto elementor-widget elementor-widget-trekon_core_icon\" data-id=\"5dca031\" data-element_type=\"widget\" data-widget_type=\"trekon_core_icon.default\">\n\t\t\t\t<div class=\"elementor-widget-container\">\n\t\t\t<span class=\"qodef-shortcode qodef-m  qodef-icon-holder qodef-size--default qodef-layout--normal\"  >\n\t\t\t\t<\/span>\n\t\t<\/div>\n\t\t\t\t<\/div>\n\t\t\t\t\t<\/div>\n\t\t<\/div>\n\t\t\t\t\t<\/div>\n\t\t<\/section>\n\t\t<div class=\"elementor-element elementor-element-377cc02 e-flex e-con-boxed e-con e-parent\" data-id=\"377cc02\" data-element_type=\"container\" data-settings=\"{&quot;content_width&quot;:&quot;boxed&quot;}\" data-core-v316-plus=\"true\">\n\t\t\t\t\t<div class=\"e-con-inner\">\n\t\t\t\t<div class=\"elementor-element elementor-element-1f80bdc elementor-widget elementor-widget-text-editor\" data-id=\"1f80bdc\" data-element_type=\"widget\" data-widget_type=\"text-editor.default\">\n\t\t\t\t<div class=\"elementor-widget-container\">\n\t\t\t\t\t\t\t<p>FlyingAussies@gmail.com<\/p>\t\t\t\t\t\t<\/div>\n\t\t\t\t<\/div>\n\t\t\t\t\t<\/div>\n\t\t\t\t<\/div>\n\t\t\t\t<section class=\"elementor-section elementor-inner-section elementor-element elementor-element-39bd960 elementor-section-boxed elementor-section-height-default elementor-section-height-default\" data-id=\"39bd960\" data-element_type=\"section\">\n\t\t\t\t\t\t<div class=\"elementor-container elementor-column-gap-no\">\n\t\t\t\t\t<div class=\"elementor-column elementor-col-100 elementor-inner-column elementor-element elementor-element-6a65771\" data-id=\"6a65771\" data-element_type=\"column\">\n\t\t\t<div class=\"elementor-widget-wrap elementor-element-populated\">\n\t\t\t\t\t\t<div class=\"elementor-element elementor-element-bbc83ad elementor-widget__width-auto elementor-widget elementor-widget-trekon_core_icon\" data-id=\"bbc83ad\" data-element_type=\"widget\" data-widget_type=\"trekon_core_icon.default\">\n\t\t\t\t<div class=\"elementor-widget-container\">\n\t\t\t<span class=\"qodef-shortcode qodef-m  qodef-icon-holder qodef-size--default qodef-layout--normal\" data-hover-color=\"#9A9A9A\" >\n\t\t\t<a itemprop=\"url\" href=\"https:\/\/www.instagram.com\/flying_aussie_kennel\" target=\"_blank\">\n\t\t\t<span class=\"qodef-icon-font-awesome fab fa-instagram qodef-icon qodef-e\" style=\"font-size: 19px\" ><\/span>\t\t\t<\/a>\n\t<\/span>\n\t\t<\/div>\n\t\t\t\t<\/div>\n\t\t\t\t<div class=\"elementor-element elementor-element-bdc4061 elementor-widget__width-auto elementor-widget elementor-widget-trekon_core_icon\" data-id=\"bdc4061\" data-element_type=\"widget\" data-widget_type=\"trekon_core_icon.default\">\n\t\t\t\t<div class=\"elementor-widget-container\">\n\t\t\t<span class=\"qodef-shortcode qodef-m  qodef-icon-holder qodef-size--default qodef-layout--normal\" data-hover-color=\"#9A9A9A\" >\n\t\t\t<a itemprop=\"url\" href=\"https:\/\/www.facebook.com\/FlyingAussie\/\" target=\"_blank\">\n\t\t\t<span class=\"qodef-icon-font-awesome fab fa-facebook-square qodef-icon qodef-e\" style=\"font-size: 19px\" ><\/span>\t\t\t<\/a>\n\t<\/span>\n\t\t<\/div>\n\t\t\t\t<\/div>\n\t\t\t\t\t<\/div>\n\t\t<\/div>\n\t\t\t\t\t<\/div>\n\t\t<\/section>\n\t\t\t\t\t<\/div>\n\t\t<\/div>\n\t\t\t\t<div class=\"elementor-column elementor-col-50 elementor-top-column elementor-element elementor-element-54a4db5\" data-id=\"54a4db5\" data-element_type=\"column\" data-settings=\"{&quot;background_background&quot;:&quot;classic&quot;}\">\n\t\t\t<div class=\"elementor-widget-wrap elementor-element-populated\">\n\t\t\t\t\t\t<div class=\"elementor-element elementor-element-efed059 elementor-widget elementor-widget-google_maps\" data-id=\"efed059\" data-element_type=\"widget\" data-widget_type=\"google_maps.default\">\n\t\t\t\t<div class=\"elementor-widget-container\">\n\t\t\t<style>\/*! elementor - v3.19.0 - 07-02-2024 *\/\n.elementor-widget-google_maps .elementor-widget-container{overflow:hidden}.elementor-widget-google_maps .elementor-custom-embed{line-height:0}.elementor-widget-google_maps iframe{height:300px}<\/style>\t\t<div class=\"elementor-custom-embed\">\n\t\t\t<iframe loading=\"lazy\"\n\t\t\t\t\tsrc=\"https:\/\/maps.google.com\/maps?q=Vilnius&#038;t=m&#038;z=14&#038;output=embed&#038;iwloc=near\"\n\t\t\t\t\ttitle=\"Vilnius\"\n\t\t\t\t\taria-label=\"Vilnius\"\n\t\t\t><\/iframe>\n\t\t<\/div>\n\t\t\t\t<\/div>\n\t\t\t\t<\/div>\n\t\t\t\t\t<\/div>\n\t\t<\/div>\n\t\t\t\t\t<\/div>\n\t\t<\/section>\n\t\t\t\t<\/div>\n\t\t","protected":false},"excerpt":{"rendered":"<p>Kilo klausim\u0173? Pasikalb\u0117kime! Andrius Tel. +370 676 64080 Aurelija Tel.\u00a0+37067204598 FlyingAussies@gmail.com<\/p>\n","protected":false},"author":1,"featured_media":0,"parent":0,"menu_order":0,"comment_status":"closed","ping_status":"closed","template":"page-full-width.php","meta":{"footnotes":""},"class_list":["post-3795","page","type-page","status-publish","hentry"],"yoast_head":"<!-- This site is optimized with the Yoast SEO plugin v27.4 - https:\/\/yoast.com\/product\/yoast-seo-wordpress\/ -->\n<title>Susisiekite - Skraidan\u010dios Ausyt\u0117s<\/title>\n<meta name=\"robots\" content=\"index, follow, max-snippet:-1, max-image-preview:large, max-video-preview:-1\" \/>\n<link rel=\"canonical\" href=\"https:\/\/skraidanciosausytes.lt\/index.php\/contact-us\/\" \/>\n<meta property=\"og:locale\" content=\"lt_LT\" \/>\n<meta property=\"og:type\" content=\"article\" \/>\n<meta property=\"og:title\" content=\"Susisiekite - Skraidan\u010dios Ausyt\u0117s\" \/>\n<meta property=\"og:description\" content=\"Kilo klausim\u0173? Pasikalb\u0117kime! Andrius Tel. +370 676 64080 Aurelija Tel.\u00a0+37067204598 FlyingAussies@gmail.com\" \/>\n<meta property=\"og:url\" content=\"https:\/\/skraidanciosausytes.lt\/index.php\/contact-us\/\" \/>\n<meta property=\"og:site_name\" content=\"Skraidan\u010dios Ausyt\u0117s\" \/>\n<meta property=\"article:publisher\" content=\"https:\/\/www.facebook.com\/FlyingAussie\" \/>\n<meta property=\"article:modified_time\" content=\"2024-08-21T07:26:46+00:00\" \/>\n<meta property=\"og:image\" content=\"https:\/\/skraidanciosausytes.lt\/wp-content\/uploads\/2024\/01\/FB_IMG_1555435058260-1024x683.jpg\" \/>\n<meta name=\"twitter:card\" content=\"summary_large_image\" \/>\n<meta name=\"twitter:label1\" content=\"Est. reading time\" \/>\n\t<meta name=\"twitter:data1\" content=\"1 minut\u0117\" \/>\n<script type=\"application\/ld+json\" class=\"yoast-schema-graph\">{\"@context\":\"https:\\\/\\\/schema.org\",\"@graph\":[{\"@type\":\"WebPage\",\"@id\":\"https:\\\/\\\/skraidanciosausytes.lt\\\/index.php\\\/contact-us\\\/\",\"url\":\"https:\\\/\\\/skraidanciosausytes.lt\\\/index.php\\\/contact-us\\\/\",\"name\":\"Susisiekite - Skraidan\u010dios Ausyt\u0117s\",\"isPartOf\":{\"@id\":\"https:\\\/\\\/skraidanciosausytes.lt\\\/#website\"},\"primaryImageOfPage\":{\"@id\":\"https:\\\/\\\/skraidanciosausytes.lt\\\/index.php\\\/contact-us\\\/#primaryimage\"},\"image\":{\"@id\":\"https:\\\/\\\/skraidanciosausytes.lt\\\/index.php\\\/contact-us\\\/#primaryimage\"},\"thumbnailUrl\":\"https:\\\/\\\/skraidanciosausytes.lt\\\/wp-content\\\/uploads\\\/2024\\\/01\\\/FB_IMG_1555435058260-1024x683.jpg\",\"datePublished\":\"2023-05-19T09:17:26+00:00\",\"dateModified\":\"2024-08-21T07:26:46+00:00\",\"breadcrumb\":{\"@id\":\"https:\\\/\\\/skraidanciosausytes.lt\\\/index.php\\\/contact-us\\\/#breadcrumb\"},\"inLanguage\":\"lt-LT\",\"potentialAction\":[{\"@type\":\"ReadAction\",\"target\":[\"https:\\\/\\\/skraidanciosausytes.lt\\\/index.php\\\/contact-us\\\/\"]}]},{\"@type\":\"ImageObject\",\"inLanguage\":\"lt-LT\",\"@id\":\"https:\\\/\\\/skraidanciosausytes.lt\\\/index.php\\\/contact-us\\\/#primaryimage\",\"url\":\"https:\\\/\\\/skraidanciosausytes.lt\\\/wp-content\\\/uploads\\\/2024\\\/01\\\/FB_IMG_1555435058260.jpg\",\"contentUrl\":\"https:\\\/\\\/skraidanciosausytes.lt\\\/wp-content\\\/uploads\\\/2024\\\/01\\\/FB_IMG_1555435058260.jpg\",\"width\":1080,\"height\":720},{\"@type\":\"BreadcrumbList\",\"@id\":\"https:\\\/\\\/skraidanciosausytes.lt\\\/index.php\\\/contact-us\\\/#breadcrumb\",\"itemListElement\":[{\"@type\":\"ListItem\",\"position\":1,\"name\":\"Home\",\"item\":\"https:\\\/\\\/skraidanciosausytes.lt\\\/\"},{\"@type\":\"ListItem\",\"position\":2,\"name\":\"Susisiekite\"}]},{\"@type\":\"WebSite\",\"@id\":\"https:\\\/\\\/skraidanciosausytes.lt\\\/#website\",\"url\":\"https:\\\/\\\/skraidanciosausytes.lt\\\/\",\"name\":\"Flying Aussies\",\"description\":\"Austral\u0173 Avingani\u0173 veislynas\",\"publisher\":{\"@id\":\"https:\\\/\\\/skraidanciosausytes.lt\\\/#organization\"},\"alternateName\":\"Skraidancios Ausytes\",\"potentialAction\":[{\"@type\":\"SearchAction\",\"target\":{\"@type\":\"EntryPoint\",\"urlTemplate\":\"https:\\\/\\\/skraidanciosausytes.lt\\\/?s={search_term_string}\"},\"query-input\":{\"@type\":\"PropertyValueSpecification\",\"valueRequired\":true,\"valueName\":\"search_term_string\"}}],\"inLanguage\":\"lt-LT\"},{\"@type\":\"Organization\",\"@id\":\"https:\\\/\\\/skraidanciosausytes.lt\\\/#organization\",\"name\":\"Flying Aussies kennel\",\"alternateName\":\"Skraidan\u010dios Ausyt\u0117s\",\"url\":\"https:\\\/\\\/skraidanciosausytes.lt\\\/\",\"logo\":{\"@type\":\"ImageObject\",\"inLanguage\":\"lt-LT\",\"@id\":\"https:\\\/\\\/skraidanciosausytes.lt\\\/#\\\/schema\\\/logo\\\/image\\\/\",\"url\":\"https:\\\/\\\/skraidanciosausytes.lt\\\/wp-content\\\/uploads\\\/2024\\\/01\\\/FLYING-AUSSIE-KENNEL_COLOR_FIN-1-e1704563292101.png\",\"contentUrl\":\"https:\\\/\\\/skraidanciosausytes.lt\\\/wp-content\\\/uploads\\\/2024\\\/01\\\/FLYING-AUSSIE-KENNEL_COLOR_FIN-1-e1704563292101.png\",\"width\":150,\"height\":150,\"caption\":\"Flying Aussies kennel\"},\"image\":{\"@id\":\"https:\\\/\\\/skraidanciosausytes.lt\\\/#\\\/schema\\\/logo\\\/image\\\/\"},\"sameAs\":[\"https:\\\/\\\/www.facebook.com\\\/FlyingAussie\",\"https:\\\/\\\/www.instagram.com\\\/flying_aussie_kennel\\\/\"]}]}<\/script>\n<!-- \/ Yoast SEO plugin. -->","yoast_head_json":{"title":"Susisiekite - Skraidan\u010dios Ausyt\u0117s","robots":{"index":"index","follow":"follow","max-snippet":"max-snippet:-1","max-image-preview":"max-image-preview:large","max-video-preview":"max-video-preview:-1"},"canonical":"https:\/\/skraidanciosausytes.lt\/index.php\/contact-us\/","og_locale":"lt_LT","og_type":"article","og_title":"Susisiekite - Skraidan\u010dios Ausyt\u0117s","og_description":"Kilo klausim\u0173? Pasikalb\u0117kime! Andrius Tel. +370 676 64080 Aurelija Tel.\u00a0+37067204598 FlyingAussies@gmail.com","og_url":"https:\/\/skraidanciosausytes.lt\/index.php\/contact-us\/","og_site_name":"Skraidan\u010dios Ausyt\u0117s","article_publisher":"https:\/\/www.facebook.com\/FlyingAussie","article_modified_time":"2024-08-21T07:26:46+00:00","og_image":[{"url":"https:\/\/skraidanciosausytes.lt\/wp-content\/uploads\/2024\/01\/FB_IMG_1555435058260-1024x683.jpg","type":"","width":"","height":""}],"twitter_card":"summary_large_image","twitter_misc":{"Est. reading time":"1 minut\u0117"},"schema":{"@context":"https:\/\/schema.org","@graph":[{"@type":"WebPage","@id":"https:\/\/skraidanciosausytes.lt\/index.php\/contact-us\/","url":"https:\/\/skraidanciosausytes.lt\/index.php\/contact-us\/","name":"Susisiekite - Skraidan\u010dios Ausyt\u0117s","isPartOf":{"@id":"https:\/\/skraidanciosausytes.lt\/#website"},"primaryImageOfPage":{"@id":"https:\/\/skraidanciosausytes.lt\/index.php\/contact-us\/#primaryimage"},"image":{"@id":"https:\/\/skraidanciosausytes.lt\/index.php\/contact-us\/#primaryimage"},"thumbnailUrl":"https:\/\/skraidanciosausytes.lt\/wp-content\/uploads\/2024\/01\/FB_IMG_1555435058260-1024x683.jpg","datePublished":"2023-05-19T09:17:26+00:00","dateModified":"2024-08-21T07:26:46+00:00","breadcrumb":{"@id":"https:\/\/skraidanciosausytes.lt\/index.php\/contact-us\/#breadcrumb"},"inLanguage":"lt-LT","potentialAction":[{"@type":"ReadAction","target":["https:\/\/skraidanciosausytes.lt\/index.php\/contact-us\/"]}]},{"@type":"ImageObject","inLanguage":"lt-LT","@id":"https:\/\/skraidanciosausytes.lt\/index.php\/contact-us\/#primaryimage","url":"https:\/\/skraidanciosausytes.lt\/wp-content\/uploads\/2024\/01\/FB_IMG_1555435058260.jpg","contentUrl":"https:\/\/skraidanciosausytes.lt\/wp-content\/uploads\/2024\/01\/FB_IMG_1555435058260.jpg","width":1080,"height":720},{"@type":"BreadcrumbList","@id":"https:\/\/skraidanciosausytes.lt\/index.php\/contact-us\/#breadcrumb","itemListElement":[{"@type":"ListItem","position":1,"name":"Home","item":"https:\/\/skraidanciosausytes.lt\/"},{"@type":"ListItem","position":2,"name":"Susisiekite"}]},{"@type":"WebSite","@id":"https:\/\/skraidanciosausytes.lt\/#website","url":"https:\/\/skraidanciosausytes.lt\/","name":"Flying Aussies","description":"Austral\u0173 Avingani\u0173 veislynas","publisher":{"@id":"https:\/\/skraidanciosausytes.lt\/#organization"},"alternateName":"Skraidancios Ausytes","potentialAction":[{"@type":"SearchAction","target":{"@type":"EntryPoint","urlTemplate":"https:\/\/skraidanciosausytes.lt\/?s={search_term_string}"},"query-input":{"@type":"PropertyValueSpecification","valueRequired":true,"valueName":"search_term_string"}}],"inLanguage":"lt-LT"},{"@type":"Organization","@id":"https:\/\/skraidanciosausytes.lt\/#organization","name":"Flying Aussies kennel","alternateName":"Skraidan\u010dios Ausyt\u0117s","url":"https:\/\/skraidanciosausytes.lt\/","logo":{"@type":"ImageObject","inLanguage":"lt-LT","@id":"https:\/\/skraidanciosausytes.lt\/#\/schema\/logo\/image\/","url":"https:\/\/skraidanciosausytes.lt\/wp-content\/uploads\/2024\/01\/FLYING-AUSSIE-KENNEL_COLOR_FIN-1-e1704563292101.png","contentUrl":"https:\/\/skraidanciosausytes.lt\/wp-content\/uploads\/2024\/01\/FLYING-AUSSIE-KENNEL_COLOR_FIN-1-e1704563292101.png","width":150,"height":150,"caption":"Flying Aussies kennel"},"image":{"@id":"https:\/\/skraidanciosausytes.lt\/#\/schema\/logo\/image\/"},"sameAs":["https:\/\/www.facebook.com\/FlyingAussie","https:\/\/www.instagram.com\/flying_aussie_kennel\/"]}]}},"_links":{"self":[{"href":"https:\/\/skraidanciosausytes.lt\/index.php\/wp-json\/wp\/v2\/pages\/3795","targetHints":{"allow":["GET"]}}],"collection":[{"href":"https:\/\/skraidanciosausytes.lt\/index.php\/wp-json\/wp\/v2\/pages"}],"about":[{"href":"https:\/\/skraidanciosausytes.lt\/index.php\/wp-json\/wp\/v2\/types\/page"}],"author":[{"embeddable":true,"href":"https:\/\/skraidanciosausytes.lt\/index.php\/wp-json\/wp\/v2\/users\/1"}],"replies":[{"embeddable":true,"href":"https:\/\/skraidanciosausytes.lt\/index.php\/wp-json\/wp\/v2\/comments?post=3795"}],"version-history":[{"count":52,"href":"https:\/\/skraidanciosausytes.lt\/index.php\/wp-json\/wp\/v2\/pages\/3795\/revisions"}],"predecessor-version":[{"id":11233,"href":"https:\/\/skraidanciosausytes.lt\/index.php\/wp-json\/wp\/v2\/pages\/3795\/revisions\/11233"}],"wp:attachment":[{"href":"https:\/\/skraidanciosausytes.lt\/index.php\/wp-json\/wp\/v2\/media?parent=3795"}],"curies":[{"name":"wp","href":"https:\/\/api.w.org\/{rel}","templated":true}]}}