{"id":8750,"date":"2023-05-29T08:08:48","date_gmt":"2023-05-29T08:08:48","guid":{"rendered":"https:\/\/skraidanciosausytes.lt\/?page_id=8750"},"modified":"2025-07-06T14:56:46","modified_gmt":"2025-07-06T14:56:46","slug":"mona","status":"publish","type":"page","link":"https:\/\/skraidanciosausytes.lt\/index.php\/musu-sunys\/mona\/","title":{"rendered":"Austral\u0173 avigan\u0117 Duplo MONA \u201eSkraidan\u010dios ausyt\u0117s\u201d"},"content":{"rendered":"\t\t<div data-elementor-type=\"wp-page\" data-elementor-id=\"8750\" class=\"elementor elementor-8750\">\n\t\t\t\t<div class=\"elementor-element elementor-element-62f963e e-con-full e-flex e-con e-parent\" data-id=\"62f963e\" data-element_type=\"container\" data-settings=\"{&quot;content_width&quot;:&quot;full&quot;,&quot;background_background&quot;:&quot;classic&quot;}\" data-core-v316-plus=\"true\">\n\t\t\t\t<\/div>\n\t\t<div class=\"elementor-element elementor-element-6cf85f5 e-flex e-con-boxed e-con e-parent\" data-id=\"6cf85f5\" data-element_type=\"container\" data-settings=\"{&quot;content_width&quot;:&quot;boxed&quot;}\" data-core-v316-plus=\"true\">\n\t\t\t\t\t<div class=\"e-con-inner\">\n\t\t\t\t<div class=\"elementor-element elementor-element-09f9c3e elementor-widget elementor-widget-heading\" data-id=\"09f9c3e\" data-element_type=\"widget\" data-widget_type=\"heading.default\">\n\t\t\t\t<div class=\"elementor-widget-container\">\n\t\t\t<style>\/*! elementor - v3.19.0 - 07-02-2024 *\/\n.elementor-heading-title{padding:0;margin:0;line-height:1}.elementor-widget-heading .elementor-heading-title[class*=elementor-size-]>a{color:inherit;font-size:inherit;line-height:inherit}.elementor-widget-heading .elementor-heading-title.elementor-size-small{font-size:15px}.elementor-widget-heading .elementor-heading-title.elementor-size-medium{font-size:19px}.elementor-widget-heading .elementor-heading-title.elementor-size-large{font-size:29px}.elementor-widget-heading .elementor-heading-title.elementor-size-xl{font-size:39px}.elementor-widget-heading .elementor-heading-title.elementor-size-xxl{font-size:59px}<\/style><h1 class=\"elementor-heading-title elementor-size-default\">Austral\u0173 avigan\u0117 MONA<\/h1>\t\t<\/div>\n\t\t\t\t<\/div>\n\t\t\t\t\t<\/div>\n\t\t\t\t<\/div>\n\t\t<div class=\"elementor-element elementor-element-4bcc2fa e-flex e-con-boxed e-con e-parent\" data-id=\"4bcc2fa\" data-element_type=\"container\" data-settings=\"{&quot;content_width&quot;:&quot;boxed&quot;}\" data-core-v316-plus=\"true\">\n\t\t\t\t\t<div class=\"e-con-inner\">\n\t\t<div class=\"elementor-element elementor-element-ca1c0d3 e-con-full e-flex e-con e-child\" data-id=\"ca1c0d3\" data-element_type=\"container\" data-settings=\"{&quot;content_width&quot;:&quot;full&quot;}\">\n\t\t\t\t<div class=\"elementor-element elementor-element-ae7b6ad elementor-widget elementor-widget-text-editor\" data-id=\"ae7b6ad\" data-element_type=\"widget\" data-widget_type=\"text-editor.default\">\n\t\t\t\t<div class=\"elementor-widget-container\">\n\t\t\t<style>\/*! elementor - v3.19.0 - 07-02-2024 *\/\n.elementor-widget-text-editor.elementor-drop-cap-view-stacked .elementor-drop-cap{background-color:#69727d;color:#fff}.elementor-widget-text-editor.elementor-drop-cap-view-framed .elementor-drop-cap{color:#69727d;border:3px solid;background-color:transparent}.elementor-widget-text-editor:not(.elementor-drop-cap-view-default) .elementor-drop-cap{margin-top:8px}.elementor-widget-text-editor:not(.elementor-drop-cap-view-default) .elementor-drop-cap-letter{width:1em;height:1em}.elementor-widget-text-editor .elementor-drop-cap{float:left;text-align:center;line-height:1;font-size:50px}.elementor-widget-text-editor .elementor-drop-cap-letter{display:inline-block}<\/style>\t\t\t\t<p style=\"background-color: #ffffff;\"><span style=\"font-weight: bolder;\">Dokumentinis vardas:<\/span>&nbsp;Duplo MONA &#8222;Skraidan\u010dios ausyt\u0117s&#8221;<\/p>\n<p><strong>Gimimo data:<\/strong>&nbsp;2021-03-31<\/p>\n<p><strong>Spalva:<\/strong>&nbsp;Ruda trispalv\u0117<\/p>\n<p><strong>Registracijos numeris:<\/strong>&nbsp;L\u0160VK &nbsp;<b>0345\/18<\/b><\/p>\n<p><strong>T\u0117vas:<\/strong>&nbsp;<b>EASY V FOR VICTORY, SE14673\/2013, Black (SE)<\/b><\/p>\n<p><strong>Mama:<\/strong>&nbsp;KUBA ZVAIGZDES VAIKAI LSVK AS 0153\/14 ,Blue merle (LT)<\/p>\n<p><strong>Veis\u0117jas:<\/strong>&nbsp;Andrius Martinonis, kennel \u201cFlying aussie\u201d<\/p>\n<p><strong>Savinikas:<\/strong>&nbsp;Andrius Martinonis, kennel \u201cFlying aussie\u201d<\/p>\n<p><strong>Akys:<\/strong> Sveikos (2023-12-01)<\/p>\n<p><strong>Dantys:<\/strong> \u017dirklinis s\u0105kandis, i\u0161dyg\u0119 visi dantys<\/p>\n<p><strong>Klub\u0173 displazija:<\/strong> A\/A<\/p>\n<p><strong>Alk\u016bni\u0173 displazija:<\/strong> 0\/0<\/p>\n<p><\/p>\n<p><strong>HSF4:<\/strong>&nbsp;+\/+ (Sveikas) (Paw Print Genetics)<\/p>\n<p><strong>CEA:<\/strong>&nbsp;+\/+ (Sveikas) (by parentage)<\/p>\n<p><strong>PRA:<\/strong>&nbsp;+\/+ (Sveikas) (by parentage)<\/p>\n<p><strong>MDR1:<\/strong>&nbsp;+\/+ (Sveikas) (Paw Print Genetics)<\/p>\n<p><strong>DM:<\/strong>&nbsp;+\/+ (<span style=\"background-color: rgb(255, 255, 255);\">Sveikas<\/span>) (Paw Print Genetics)<\/p>\t\t\t\t\t\t<\/div>\n\t\t\t\t<\/div>\n\t\t\t\t<\/div>\n\t\t<div class=\"elementor-element elementor-element-77885be e-con-full e-flex e-con e-child\" data-id=\"77885be\" data-element_type=\"container\" data-settings=\"{&quot;content_width&quot;:&quot;full&quot;,&quot;background_background&quot;:&quot;classic&quot;}\">\n\t\t\t\t<\/div>\n\t\t\t\t\t<\/div>\n\t\t\t\t<\/div>\n\t\t<div class=\"elementor-element elementor-element-e2974bf e-flex e-con-boxed e-con e-parent\" data-id=\"e2974bf\" data-element_type=\"container\" data-settings=\"{&quot;content_width&quot;:&quot;boxed&quot;}\" data-core-v316-plus=\"true\">\n\t\t\t\t\t<div class=\"e-con-inner\">\n\t\t\t\t<div class=\"elementor-element elementor-element-e5b0881 elementor-widget elementor-widget-text-editor\" data-id=\"e5b0881\" data-element_type=\"widget\" data-widget_type=\"text-editor.default\">\n\t\t\t\t<div class=\"elementor-widget-container\">\n\t\t\t\t\t\t\t<p data-start=\"64\" data-end=\"129\"><strong data-start=\"64\" data-end=\"129\">\u017daisminga, instinktyviai dirbanti, sveika ir tvirto sud\u0117jimo.<\/strong><\/p><p data-start=\"131\" data-end=\"454\" data-is-last-node=\"\" data-is-only-node=\"\">Monos palikuonys pasi\u017eymi i\u0161tverme, protu ir \u017eingeidumu. Tai puikus pasirinkimas aktyviems \u0161eimininkams, pasirengusiems skirti laiko aukl\u0117jimui, treniruot\u0117ms ir socializacijai. Jei \u0161eimininko gyvenimo b\u016bdas dera su stipriu, darbui linkusiu \u0161unimi, Monos \u0161uniukas gali tapti i\u0161tikimu, paklusniu ir patikimu gyvenimo draugu.<\/p>\t\t\t\t\t\t<\/div>\n\t\t\t\t<\/div>\n\t\t\t\t\t<\/div>\n\t\t\t\t<\/div>\n\t\t<div class=\"elementor-element elementor-element-c033a4d e-flex e-con-boxed e-con e-parent\" data-id=\"c033a4d\" data-element_type=\"container\" data-settings=\"{&quot;content_width&quot;:&quot;boxed&quot;}\" data-core-v316-plus=\"true\">\n\t\t\t\t\t<div class=\"e-con-inner\">\n\t\t\t\t<div class=\"elementor-element elementor-element-5d48ad3 elementor-widget elementor-widget-qi_addons_for_elementor_image_gallery\" data-id=\"5d48ad3\" data-element_type=\"widget\" data-widget_type=\"qi_addons_for_elementor_image_gallery.default\">\n\t\t\t\t<div class=\"elementor-widget-container\">\n\t\t\t<div class=\"qodef-shortcode qodef-m qodef-qi-image-gallery qodef-qi-fslightbox-popup qodef-popup-gallery qodef-image--hover-zoom qodef-qi-grid qodef-layout--qi-columns qodef-col-num--6 qodef-responsive--predefined\">\n\t<div class=\"qodef-grid-inner\">\n\t\t<div class=\"qodef-e qodef-image-wrapper qodef-grid-item\">\n\t<div class=\"qodef-e-inner\">\n\t\t\t\t\t<a class=\"qodef-popup-item\" itemprop=\"image\" href=\"https:\/\/skraidanciosausytes.lt\/wp-content\/uploads\/2024\/01\/DSC06552-scaled.jpg\" data-type=\"image\" data-fslightbox=\"gallery-632\">\n\t\t\t\t\t<img fetchpriority=\"high\" decoding=\"async\" width=\"650\" height=\"650\" src=\"https:\/\/skraidanciosausytes.lt\/wp-content\/uploads\/2024\/01\/DSC06552-650x650.jpg\" class=\"attachment-qi_addons_for_elementor_image_size_square size-qi_addons_for_elementor_image_size_square\" alt=\"\" srcset=\"https:\/\/skraidanciosausytes.lt\/wp-content\/uploads\/2024\/01\/DSC06552-650x650.jpg 650w, https:\/\/skraidanciosausytes.lt\/wp-content\/uploads\/2024\/01\/DSC06552-150x150.jpg 150w, https:\/\/skraidanciosausytes.lt\/wp-content\/uploads\/2024\/01\/DSC06552-1300x1300.jpg 1300w\" sizes=\"(max-width: 650px) 100vw, 650px\" \/>\t\t\t\t\t<\/a>\n\t\t\t<\/div>\n<\/div>\n<div class=\"qodef-e qodef-image-wrapper qodef-grid-item\">\n\t<div class=\"qodef-e-inner\">\n\t\t\t\t\t<a class=\"qodef-popup-item\" itemprop=\"image\" href=\"\" data-type=\"image\" data-fslightbox=\"gallery-632\">\n\t\t\t\t\t\t\t\t\t\t<\/a>\n\t\t\t<\/div>\n<\/div>\n<div class=\"qodef-e qodef-image-wrapper qodef-grid-item\">\n\t<div class=\"qodef-e-inner\">\n\t\t\t\t\t<a class=\"qodef-popup-item\" itemprop=\"image\" href=\"https:\/\/skraidanciosausytes.lt\/wp-content\/uploads\/2023\/12\/DSC04461-scaled.jpg\" data-type=\"image\" data-fslightbox=\"gallery-632\">\n\t\t\t\t\t<img decoding=\"async\" width=\"650\" height=\"650\" src=\"https:\/\/skraidanciosausytes.lt\/wp-content\/uploads\/2023\/12\/DSC04461-650x650.jpg\" class=\"attachment-qi_addons_for_elementor_image_size_square size-qi_addons_for_elementor_image_size_square\" alt=\"\" srcset=\"https:\/\/skraidanciosausytes.lt\/wp-content\/uploads\/2023\/12\/DSC04461-650x650.jpg 650w, https:\/\/skraidanciosausytes.lt\/wp-content\/uploads\/2023\/12\/DSC04461-150x150.jpg 150w, https:\/\/skraidanciosausytes.lt\/wp-content\/uploads\/2023\/12\/DSC04461-1300x1300.jpg 1300w, https:\/\/skraidanciosausytes.lt\/wp-content\/uploads\/2023\/12\/DSC04461-300x300.jpg 300w, https:\/\/skraidanciosausytes.lt\/wp-content\/uploads\/2023\/12\/DSC04461-100x100.jpg 100w\" sizes=\"(max-width: 650px) 100vw, 650px\" \/>\t\t\t\t\t<\/a>\n\t\t\t<\/div>\n<\/div>\n<div class=\"qodef-e qodef-image-wrapper qodef-grid-item\">\n\t<div class=\"qodef-e-inner\">\n\t\t\t\t\t<a class=\"qodef-popup-item\" itemprop=\"image\" href=\"https:\/\/skraidanciosausytes.lt\/wp-content\/uploads\/2023\/12\/DSC06605-scaled.jpg\" data-type=\"image\" data-fslightbox=\"gallery-632\">\n\t\t\t\t\t<img decoding=\"async\" width=\"650\" height=\"650\" src=\"https:\/\/skraidanciosausytes.lt\/wp-content\/uploads\/2023\/12\/DSC06605-650x650.jpg\" class=\"attachment-qi_addons_for_elementor_image_size_square size-qi_addons_for_elementor_image_size_square\" alt=\"\" srcset=\"https:\/\/skraidanciosausytes.lt\/wp-content\/uploads\/2023\/12\/DSC06605-650x650.jpg 650w, https:\/\/skraidanciosausytes.lt\/wp-content\/uploads\/2023\/12\/DSC06605-150x150.jpg 150w, https:\/\/skraidanciosausytes.lt\/wp-content\/uploads\/2023\/12\/DSC06605-1300x1300.jpg 1300w, https:\/\/skraidanciosausytes.lt\/wp-content\/uploads\/2023\/12\/DSC06605-300x300.jpg 300w, https:\/\/skraidanciosausytes.lt\/wp-content\/uploads\/2023\/12\/DSC06605-100x100.jpg 100w\" sizes=\"(max-width: 650px) 100vw, 650px\" \/>\t\t\t\t\t<\/a>\n\t\t\t<\/div>\n<\/div>\n\t<\/div>\n<\/div>\n\t\t<\/div>\n\t\t\t\t<\/div>\n\t\t\t\t\t<\/div>\n\t\t\t\t<\/div>\n\t\t\t\t<\/div>\n\t\t","protected":false},"excerpt":{"rendered":"<p>Austral\u0173 avigan\u0117 MONA Dokumentinis vardas:&nbsp;Duplo MONA &#8222;Skraidan\u010dios ausyt\u0117s&#8221; Gimimo data:&nbsp;2021-03-31 Spalva:&nbsp;Ruda trispalv\u0117 Registracijos numeris:&nbsp;L\u0160VK &nbsp;0345\/18 T\u0117vas:&nbsp;EASY V FOR VICTORY, SE14673\/2013, Black (SE) Mama:&nbsp;KUBA ZVAIGZDES VAIKAI LSVK AS 0153\/14 ,Blue merle (LT) Veis\u0117jas:&nbsp;Andrius Martinonis, kennel \u201cFlying aussie\u201d Savinikas:&nbsp;Andrius Martinonis, kennel \u201cFlying aussie\u201d Akys: Sveikos (2023-12-01) Dantys: \u017dirklinis s\u0105kandis, i\u0161dyg\u0119 visi dantys Klub\u0173 displazija: A\/A Alk\u016bni\u0173 displazija: [&hellip;]<\/p>\n","protected":false},"author":1,"featured_media":0,"parent":3118,"menu_order":0,"comment_status":"closed","ping_status":"closed","template":"page-full-width.php","meta":{"footnotes":""},"class_list":["post-8750","page","type-page","status-publish","hentry"],"yoast_head":"<!-- This site is optimized with the Yoast SEO plugin v27.3 - https:\/\/yoast.com\/product\/yoast-seo-wordpress\/ -->\n<title>Austral\u0173 avigan\u0117 Duplo MONA \u201eSkraidan\u010dios ausyt\u0117s\u201d<\/title>\n<meta name=\"description\" content=\"Mona yra austral\u0173 aviganis pasi\u017eymintis atsidavimu ir dideliu noru \u012ftikti. Tai \u0161uo kuris skatina nesustoti ir jud\u0117ti pirmyn\" \/>\n<meta name=\"robots\" content=\"index, follow, max-snippet:-1, max-image-preview:large, max-video-preview:-1\" \/>\n<link rel=\"canonical\" href=\"https:\/\/skraidanciosausytes.lt\/index.php\/musu-sunys\/mona\/\" \/>\n<meta property=\"og:locale\" content=\"lt_LT\" \/>\n<meta property=\"og:type\" content=\"article\" \/>\n<meta property=\"og:title\" content=\"Austral\u0173 avigan\u0117 Duplo MONA \u201eSkraidan\u010dios ausyt\u0117s\u201d\" \/>\n<meta property=\"og:description\" content=\"Mona yra austral\u0173 aviganis pasi\u017eymintis atsidavimu ir dideliu noru \u012ftikti. Tai \u0161uo kuris skatina nesustoti ir jud\u0117ti pirmyn\" \/>\n<meta property=\"og:url\" content=\"https:\/\/skraidanciosausytes.lt\/index.php\/musu-sunys\/mona\/\" \/>\n<meta property=\"og:site_name\" content=\"Skraidan\u010dios Ausyt\u0117s\" \/>\n<meta property=\"article:publisher\" content=\"https:\/\/www.facebook.com\/FlyingAussie\" \/>\n<meta property=\"article:modified_time\" content=\"2025-07-06T14:56:46+00:00\" \/>\n<meta property=\"og:image\" content=\"https:\/\/skraidanciosausytes.lt\/wp-content\/uploads\/2024\/01\/DSC06552-650x650.jpg\" \/>\n<meta name=\"twitter:card\" content=\"summary_large_image\" \/>\n<meta name=\"twitter:label1\" content=\"Est. reading time\" \/>\n\t<meta name=\"twitter:data1\" content=\"2 minut\u0117s\" \/>\n<script type=\"application\/ld+json\" class=\"yoast-schema-graph\">{\"@context\":\"https:\\\/\\\/schema.org\",\"@graph\":[{\"@type\":\"WebPage\",\"@id\":\"https:\\\/\\\/skraidanciosausytes.lt\\\/index.php\\\/musu-sunys\\\/mona\\\/\",\"url\":\"https:\\\/\\\/skraidanciosausytes.lt\\\/index.php\\\/musu-sunys\\\/mona\\\/\",\"name\":\"Austral\u0173 avigan\u0117 Duplo MONA \u201eSkraidan\u010dios ausyt\u0117s\u201d\",\"isPartOf\":{\"@id\":\"https:\\\/\\\/skraidanciosausytes.lt\\\/#website\"},\"primaryImageOfPage\":{\"@id\":\"https:\\\/\\\/skraidanciosausytes.lt\\\/index.php\\\/musu-sunys\\\/mona\\\/#primaryimage\"},\"image\":{\"@id\":\"https:\\\/\\\/skraidanciosausytes.lt\\\/index.php\\\/musu-sunys\\\/mona\\\/#primaryimage\"},\"thumbnailUrl\":\"https:\\\/\\\/skraidanciosausytes.lt\\\/wp-content\\\/uploads\\\/2024\\\/01\\\/DSC06552-650x650.jpg\",\"datePublished\":\"2023-05-29T08:08:48+00:00\",\"dateModified\":\"2025-07-06T14:56:46+00:00\",\"description\":\"Mona yra austral\u0173 aviganis pasi\u017eymintis atsidavimu ir dideliu noru \u012ftikti. Tai \u0161uo kuris skatina nesustoti ir jud\u0117ti pirmyn\",\"breadcrumb\":{\"@id\":\"https:\\\/\\\/skraidanciosausytes.lt\\\/index.php\\\/musu-sunys\\\/mona\\\/#breadcrumb\"},\"inLanguage\":\"lt-LT\",\"potentialAction\":[{\"@type\":\"ReadAction\",\"target\":[\"https:\\\/\\\/skraidanciosausytes.lt\\\/index.php\\\/musu-sunys\\\/mona\\\/\"]}]},{\"@type\":\"ImageObject\",\"inLanguage\":\"lt-LT\",\"@id\":\"https:\\\/\\\/skraidanciosausytes.lt\\\/index.php\\\/musu-sunys\\\/mona\\\/#primaryimage\",\"url\":\"https:\\\/\\\/skraidanciosausytes.lt\\\/wp-content\\\/uploads\\\/2024\\\/01\\\/DSC06552-scaled.jpg\",\"contentUrl\":\"https:\\\/\\\/skraidanciosausytes.lt\\\/wp-content\\\/uploads\\\/2024\\\/01\\\/DSC06552-scaled.jpg\",\"width\":2560,\"height\":1707},{\"@type\":\"BreadcrumbList\",\"@id\":\"https:\\\/\\\/skraidanciosausytes.lt\\\/index.php\\\/musu-sunys\\\/mona\\\/#breadcrumb\",\"itemListElement\":[{\"@type\":\"ListItem\",\"position\":1,\"name\":\"Home\",\"item\":\"https:\\\/\\\/skraidanciosausytes.lt\\\/\"},{\"@type\":\"ListItem\",\"position\":2,\"name\":\"M\u016bs\u0173 \u0161unys\",\"item\":\"https:\\\/\\\/skraidanciosausytes.lt\\\/index.php\\\/musu-sunys\\\/\"},{\"@type\":\"ListItem\",\"position\":3,\"name\":\"Austral\u0173 avigan\u0117 Duplo MONA \u201eSkraidan\u010dios ausyt\u0117s\u201d\"}]},{\"@type\":\"WebSite\",\"@id\":\"https:\\\/\\\/skraidanciosausytes.lt\\\/#website\",\"url\":\"https:\\\/\\\/skraidanciosausytes.lt\\\/\",\"name\":\"Flying Aussies\",\"description\":\"Austral\u0173 Avingani\u0173 veislynas\",\"publisher\":{\"@id\":\"https:\\\/\\\/skraidanciosausytes.lt\\\/#organization\"},\"alternateName\":\"Skraidancios Ausytes\",\"potentialAction\":[{\"@type\":\"SearchAction\",\"target\":{\"@type\":\"EntryPoint\",\"urlTemplate\":\"https:\\\/\\\/skraidanciosausytes.lt\\\/?s={search_term_string}\"},\"query-input\":{\"@type\":\"PropertyValueSpecification\",\"valueRequired\":true,\"valueName\":\"search_term_string\"}}],\"inLanguage\":\"lt-LT\"},{\"@type\":\"Organization\",\"@id\":\"https:\\\/\\\/skraidanciosausytes.lt\\\/#organization\",\"name\":\"Flying Aussies kennel\",\"alternateName\":\"Skraidan\u010dios Ausyt\u0117s\",\"url\":\"https:\\\/\\\/skraidanciosausytes.lt\\\/\",\"logo\":{\"@type\":\"ImageObject\",\"inLanguage\":\"lt-LT\",\"@id\":\"https:\\\/\\\/skraidanciosausytes.lt\\\/#\\\/schema\\\/logo\\\/image\\\/\",\"url\":\"https:\\\/\\\/skraidanciosausytes.lt\\\/wp-content\\\/uploads\\\/2024\\\/01\\\/FLYING-AUSSIE-KENNEL_COLOR_FIN-1-e1704563292101.png\",\"contentUrl\":\"https:\\\/\\\/skraidanciosausytes.lt\\\/wp-content\\\/uploads\\\/2024\\\/01\\\/FLYING-AUSSIE-KENNEL_COLOR_FIN-1-e1704563292101.png\",\"width\":150,\"height\":150,\"caption\":\"Flying Aussies kennel\"},\"image\":{\"@id\":\"https:\\\/\\\/skraidanciosausytes.lt\\\/#\\\/schema\\\/logo\\\/image\\\/\"},\"sameAs\":[\"https:\\\/\\\/www.facebook.com\\\/FlyingAussie\",\"https:\\\/\\\/www.instagram.com\\\/flying_aussie_kennel\\\/\"]}]}<\/script>\n<!-- \/ Yoast SEO plugin. -->","yoast_head_json":{"title":"Austral\u0173 avigan\u0117 Duplo MONA \u201eSkraidan\u010dios ausyt\u0117s\u201d","description":"Mona yra austral\u0173 aviganis pasi\u017eymintis atsidavimu ir dideliu noru \u012ftikti. Tai \u0161uo kuris skatina nesustoti ir jud\u0117ti pirmyn","robots":{"index":"index","follow":"follow","max-snippet":"max-snippet:-1","max-image-preview":"max-image-preview:large","max-video-preview":"max-video-preview:-1"},"canonical":"https:\/\/skraidanciosausytes.lt\/index.php\/musu-sunys\/mona\/","og_locale":"lt_LT","og_type":"article","og_title":"Austral\u0173 avigan\u0117 Duplo MONA \u201eSkraidan\u010dios ausyt\u0117s\u201d","og_description":"Mona yra austral\u0173 aviganis pasi\u017eymintis atsidavimu ir dideliu noru \u012ftikti. Tai \u0161uo kuris skatina nesustoti ir jud\u0117ti pirmyn","og_url":"https:\/\/skraidanciosausytes.lt\/index.php\/musu-sunys\/mona\/","og_site_name":"Skraidan\u010dios Ausyt\u0117s","article_publisher":"https:\/\/www.facebook.com\/FlyingAussie","article_modified_time":"2025-07-06T14:56:46+00:00","og_image":[{"url":"https:\/\/skraidanciosausytes.lt\/wp-content\/uploads\/2024\/01\/DSC06552-650x650.jpg","type":"","width":"","height":""}],"twitter_card":"summary_large_image","twitter_misc":{"Est. reading time":"2 minut\u0117s"},"schema":{"@context":"https:\/\/schema.org","@graph":[{"@type":"WebPage","@id":"https:\/\/skraidanciosausytes.lt\/index.php\/musu-sunys\/mona\/","url":"https:\/\/skraidanciosausytes.lt\/index.php\/musu-sunys\/mona\/","name":"Austral\u0173 avigan\u0117 Duplo MONA \u201eSkraidan\u010dios ausyt\u0117s\u201d","isPartOf":{"@id":"https:\/\/skraidanciosausytes.lt\/#website"},"primaryImageOfPage":{"@id":"https:\/\/skraidanciosausytes.lt\/index.php\/musu-sunys\/mona\/#primaryimage"},"image":{"@id":"https:\/\/skraidanciosausytes.lt\/index.php\/musu-sunys\/mona\/#primaryimage"},"thumbnailUrl":"https:\/\/skraidanciosausytes.lt\/wp-content\/uploads\/2024\/01\/DSC06552-650x650.jpg","datePublished":"2023-05-29T08:08:48+00:00","dateModified":"2025-07-06T14:56:46+00:00","description":"Mona yra austral\u0173 aviganis pasi\u017eymintis atsidavimu ir dideliu noru \u012ftikti. Tai \u0161uo kuris skatina nesustoti ir jud\u0117ti pirmyn","breadcrumb":{"@id":"https:\/\/skraidanciosausytes.lt\/index.php\/musu-sunys\/mona\/#breadcrumb"},"inLanguage":"lt-LT","potentialAction":[{"@type":"ReadAction","target":["https:\/\/skraidanciosausytes.lt\/index.php\/musu-sunys\/mona\/"]}]},{"@type":"ImageObject","inLanguage":"lt-LT","@id":"https:\/\/skraidanciosausytes.lt\/index.php\/musu-sunys\/mona\/#primaryimage","url":"https:\/\/skraidanciosausytes.lt\/wp-content\/uploads\/2024\/01\/DSC06552-scaled.jpg","contentUrl":"https:\/\/skraidanciosausytes.lt\/wp-content\/uploads\/2024\/01\/DSC06552-scaled.jpg","width":2560,"height":1707},{"@type":"BreadcrumbList","@id":"https:\/\/skraidanciosausytes.lt\/index.php\/musu-sunys\/mona\/#breadcrumb","itemListElement":[{"@type":"ListItem","position":1,"name":"Home","item":"https:\/\/skraidanciosausytes.lt\/"},{"@type":"ListItem","position":2,"name":"M\u016bs\u0173 \u0161unys","item":"https:\/\/skraidanciosausytes.lt\/index.php\/musu-sunys\/"},{"@type":"ListItem","position":3,"name":"Austral\u0173 avigan\u0117 Duplo MONA \u201eSkraidan\u010dios ausyt\u0117s\u201d"}]},{"@type":"WebSite","@id":"https:\/\/skraidanciosausytes.lt\/#website","url":"https:\/\/skraidanciosausytes.lt\/","name":"Flying Aussies","description":"Austral\u0173 Avingani\u0173 veislynas","publisher":{"@id":"https:\/\/skraidanciosausytes.lt\/#organization"},"alternateName":"Skraidancios Ausytes","potentialAction":[{"@type":"SearchAction","target":{"@type":"EntryPoint","urlTemplate":"https:\/\/skraidanciosausytes.lt\/?s={search_term_string}"},"query-input":{"@type":"PropertyValueSpecification","valueRequired":true,"valueName":"search_term_string"}}],"inLanguage":"lt-LT"},{"@type":"Organization","@id":"https:\/\/skraidanciosausytes.lt\/#organization","name":"Flying Aussies kennel","alternateName":"Skraidan\u010dios Ausyt\u0117s","url":"https:\/\/skraidanciosausytes.lt\/","logo":{"@type":"ImageObject","inLanguage":"lt-LT","@id":"https:\/\/skraidanciosausytes.lt\/#\/schema\/logo\/image\/","url":"https:\/\/skraidanciosausytes.lt\/wp-content\/uploads\/2024\/01\/FLYING-AUSSIE-KENNEL_COLOR_FIN-1-e1704563292101.png","contentUrl":"https:\/\/skraidanciosausytes.lt\/wp-content\/uploads\/2024\/01\/FLYING-AUSSIE-KENNEL_COLOR_FIN-1-e1704563292101.png","width":150,"height":150,"caption":"Flying Aussies kennel"},"image":{"@id":"https:\/\/skraidanciosausytes.lt\/#\/schema\/logo\/image\/"},"sameAs":["https:\/\/www.facebook.com\/FlyingAussie","https:\/\/www.instagram.com\/flying_aussie_kennel\/"]}]}},"_links":{"self":[{"href":"https:\/\/skraidanciosausytes.lt\/index.php\/wp-json\/wp\/v2\/pages\/8750","targetHints":{"allow":["GET"]}}],"collection":[{"href":"https:\/\/skraidanciosausytes.lt\/index.php\/wp-json\/wp\/v2\/pages"}],"about":[{"href":"https:\/\/skraidanciosausytes.lt\/index.php\/wp-json\/wp\/v2\/types\/page"}],"author":[{"embeddable":true,"href":"https:\/\/skraidanciosausytes.lt\/index.php\/wp-json\/wp\/v2\/users\/1"}],"replies":[{"embeddable":true,"href":"https:\/\/skraidanciosausytes.lt\/index.php\/wp-json\/wp\/v2\/comments?post=8750"}],"version-history":[{"count":49,"href":"https:\/\/skraidanciosausytes.lt\/index.php\/wp-json\/wp\/v2\/pages\/8750\/revisions"}],"predecessor-version":[{"id":11420,"href":"https:\/\/skraidanciosausytes.lt\/index.php\/wp-json\/wp\/v2\/pages\/8750\/revisions\/11420"}],"up":[{"embeddable":true,"href":"https:\/\/skraidanciosausytes.lt\/index.php\/wp-json\/wp\/v2\/pages\/3118"}],"wp:attachment":[{"href":"https:\/\/skraidanciosausytes.lt\/index.php\/wp-json\/wp\/v2\/media?parent=8750"}],"curies":[{"name":"wp","href":"https:\/\/api.w.org\/{rel}","templated":true}]}}