{"id":9000,"date":"2023-12-21T18:04:50","date_gmt":"2023-12-21T18:04:50","guid":{"rendered":"https:\/\/skraidanciosausytes.lt\/?page_id=9000"},"modified":"2024-08-21T07:59:10","modified_gmt":"2024-08-21T07:59:10","slug":"apie-veislyna","status":"publish","type":"page","link":"https:\/\/skraidanciosausytes.lt\/index.php\/apie-mus\/apie-veislyna\/","title":{"rendered":"Apie veislyn\u0105"},"content":{"rendered":"\t\t<div data-elementor-type=\"wp-page\" data-elementor-id=\"9000\" class=\"elementor elementor-9000\">\n\t\t\t\t<div class=\"elementor-element elementor-element-c6f6b5d e-con-full e-flex e-con e-parent\" data-id=\"c6f6b5d\" data-element_type=\"container\" data-settings=\"{&quot;content_width&quot;:&quot;full&quot;,&quot;background_background&quot;:&quot;classic&quot;}\" data-core-v316-plus=\"true\">\n\t\t\t\t<\/div>\n\t\t<div class=\"elementor-element elementor-element-d9e1721 e-flex e-con-boxed e-con e-parent\" data-id=\"d9e1721\" data-element_type=\"container\" data-settings=\"{&quot;content_width&quot;:&quot;boxed&quot;}\" data-core-v316-plus=\"true\">\n\t\t\t\t\t<div class=\"e-con-inner\">\n\t\t\t\t<div class=\"elementor-element elementor-element-c13b269 elementor-widget elementor-widget-spacer\" data-id=\"c13b269\" data-element_type=\"widget\" data-widget_type=\"spacer.default\">\n\t\t\t\t<div class=\"elementor-widget-container\">\n\t\t\t<style>\/*! elementor - v3.19.0 - 07-02-2024 *\/\n.elementor-column .elementor-spacer-inner{height:var(--spacer-size)}.e-con{--container-widget-width:100%}.e-con-inner>.elementor-widget-spacer,.e-con>.elementor-widget-spacer{width:var(--container-widget-width,var(--spacer-size));--align-self:var(--container-widget-align-self,initial);--flex-shrink:0}.e-con-inner>.elementor-widget-spacer>.elementor-widget-container,.e-con>.elementor-widget-spacer>.elementor-widget-container{height:100%;width:100%}.e-con-inner>.elementor-widget-spacer>.elementor-widget-container>.elementor-spacer,.e-con>.elementor-widget-spacer>.elementor-widget-container>.elementor-spacer{height:100%}.e-con-inner>.elementor-widget-spacer>.elementor-widget-container>.elementor-spacer>.elementor-spacer-inner,.e-con>.elementor-widget-spacer>.elementor-widget-container>.elementor-spacer>.elementor-spacer-inner{height:var(--container-widget-height,var(--spacer-size))}.e-con-inner>.elementor-widget-spacer.elementor-widget-empty,.e-con>.elementor-widget-spacer.elementor-widget-empty{position:relative;min-height:22px;min-width:22px}.e-con-inner>.elementor-widget-spacer.elementor-widget-empty .elementor-widget-empty-icon,.e-con>.elementor-widget-spacer.elementor-widget-empty .elementor-widget-empty-icon{position:absolute;top:0;bottom:0;left:0;right:0;margin:auto;padding:0;width:22px;height:22px}<\/style>\t\t<div class=\"elementor-spacer\">\n\t\t\t<div class=\"elementor-spacer-inner\"><\/div>\n\t\t<\/div>\n\t\t\t\t<\/div>\n\t\t\t\t<\/div>\n\t\t\t\t\t<\/div>\n\t\t\t\t<\/div>\n\t\t<div class=\"elementor-element elementor-element-0ac32c2 e-flex e-con-boxed e-con e-parent\" data-id=\"0ac32c2\" data-element_type=\"container\" data-settings=\"{&quot;content_width&quot;:&quot;boxed&quot;}\" data-core-v316-plus=\"true\">\n\t\t\t\t\t<div class=\"e-con-inner\">\n\t\t\t\t<div class=\"elementor-element elementor-element-49f869c elementor-widget elementor-widget-heading\" data-id=\"49f869c\" data-element_type=\"widget\" data-widget_type=\"heading.default\">\n\t\t\t\t<div class=\"elementor-widget-container\">\n\t\t\t<style>\/*! elementor - v3.19.0 - 07-02-2024 *\/\n.elementor-heading-title{padding:0;margin:0;line-height:1}.elementor-widget-heading .elementor-heading-title[class*=elementor-size-]>a{color:inherit;font-size:inherit;line-height:inherit}.elementor-widget-heading .elementor-heading-title.elementor-size-small{font-size:15px}.elementor-widget-heading .elementor-heading-title.elementor-size-medium{font-size:19px}.elementor-widget-heading .elementor-heading-title.elementor-size-large{font-size:29px}.elementor-widget-heading .elementor-heading-title.elementor-size-xl{font-size:39px}.elementor-widget-heading .elementor-heading-title.elementor-size-xxl{font-size:59px}<\/style><h1 class=\"elementor-heading-title elementor-size-default\">Apie \"Skraidan\u010dias ausytes\"<\/h1>\t\t<\/div>\n\t\t\t\t<\/div>\n\t\t\t\t\t<\/div>\n\t\t\t\t<\/div>\n\t\t<div class=\"elementor-element elementor-element-d11bfbb e-flex e-con-boxed e-con e-parent\" data-id=\"d11bfbb\" data-element_type=\"container\" data-settings=\"{&quot;content_width&quot;:&quot;boxed&quot;}\" data-core-v316-plus=\"true\">\n\t\t\t\t\t<div class=\"e-con-inner\">\n\t\t<div class=\"elementor-element elementor-element-ab1d8a0 e-con-full e-flex e-con e-child\" data-id=\"ab1d8a0\" data-element_type=\"container\" data-settings=\"{&quot;content_width&quot;:&quot;full&quot;}\">\n\t\t\t\t<div class=\"elementor-element elementor-element-f52a386 elementor-widget elementor-widget-text-editor\" data-id=\"f52a386\" data-element_type=\"widget\" data-widget_type=\"text-editor.default\">\n\t\t\t\t<div class=\"elementor-widget-container\">\n\t\t\t<style>\/*! elementor - v3.19.0 - 07-02-2024 *\/\n.elementor-widget-text-editor.elementor-drop-cap-view-stacked .elementor-drop-cap{background-color:#69727d;color:#fff}.elementor-widget-text-editor.elementor-drop-cap-view-framed .elementor-drop-cap{color:#69727d;border:3px solid;background-color:transparent}.elementor-widget-text-editor:not(.elementor-drop-cap-view-default) .elementor-drop-cap{margin-top:8px}.elementor-widget-text-editor:not(.elementor-drop-cap-view-default) .elementor-drop-cap-letter{width:1em;height:1em}.elementor-widget-text-editor .elementor-drop-cap{float:left;text-align:center;line-height:1;font-size:50px}.elementor-widget-text-editor .elementor-drop-cap-letter{display:inline-block}<\/style>\t\t\t\t<p><span style=\"color: var( --e-global-color-text ); font-family: var( --e-global-typography-text-font-family ), Sans-serif; font-weight: var( --e-global-typography-text-font-weight ); text-align: var(--text-align);\">Veislynas \u201eSkraidan\u010dios ausyt\u0117s\u201c \u012fkurtas 2016 met\u0173 vasar\u0105, Vilniuje. Veislyno pasidid\u017eiavimas \u2013 daukartin\u0117s parod\u0173 nugal\u0117tojos austral\u0173 avigan\u0117s \u2013 Kuba ir Indy.<\/span><\/p><p>Mol\u0117tuose tris dienas vykusioje tarptautin\u0117je \u0161un\u0173 parodoje Kuba be puikaus \u012fvertinimo gavo ir nuostab\u0173 \u012fra\u0161\u0105 teis\u0117jo apra\u0161yme \u2013 \u201eNice set of flying ears\u201c. Taip gim\u0117 veislyno pavadinimas \u2013 SKRAIDAN\u010cIOS AUSYT\u0116S. Ir i\u0161ties m\u016bs\u0173 mergina gali jomis did\u017eiuotis!!<\/p>\t\t\t\t\t\t<\/div>\n\t\t\t\t<\/div>\n\t\t\t\t<\/div>\n\t\t<div class=\"elementor-element elementor-element-254736d e-con-full e-flex e-con e-child\" data-id=\"254736d\" data-element_type=\"container\" data-settings=\"{&quot;content_width&quot;:&quot;full&quot;}\">\n\t\t\t\t<div class=\"elementor-element elementor-element-e7c4f73 elementor-widget elementor-widget-image\" data-id=\"e7c4f73\" data-element_type=\"widget\" data-widget_type=\"image.default\">\n\t\t\t\t<div class=\"elementor-widget-container\">\n\t\t\t<style>\/*! elementor - v3.19.0 - 07-02-2024 *\/\n.elementor-widget-image{text-align:center}.elementor-widget-image a{display:inline-block}.elementor-widget-image a img[src$=\".svg\"]{width:48px}.elementor-widget-image img{vertical-align:middle;display:inline-block}<\/style>\t\t\t\t\t\t\t\t\t\t<img fetchpriority=\"high\" decoding=\"async\" width=\"1024\" height=\"683\" src=\"https:\/\/skraidanciosausytes.lt\/wp-content\/uploads\/2024\/01\/FB_IMG_1555435058260-1024x683.jpg\" class=\"attachment-large size-large wp-image-9765\" alt=\"\" srcset=\"https:\/\/skraidanciosausytes.lt\/wp-content\/uploads\/2024\/01\/FB_IMG_1555435058260-1024x683.jpg 1024w, https:\/\/skraidanciosausytes.lt\/wp-content\/uploads\/2024\/01\/FB_IMG_1555435058260-300x200.jpg 300w, https:\/\/skraidanciosausytes.lt\/wp-content\/uploads\/2024\/01\/FB_IMG_1555435058260-768x512.jpg 768w, https:\/\/skraidanciosausytes.lt\/wp-content\/uploads\/2024\/01\/FB_IMG_1555435058260-600x400.jpg 600w, https:\/\/skraidanciosausytes.lt\/wp-content\/uploads\/2024\/01\/FB_IMG_1555435058260.jpg 1080w\" sizes=\"(max-width: 1024px) 100vw, 1024px\" \/>\t\t\t\t\t\t\t\t\t\t\t\t\t<\/div>\n\t\t\t\t<\/div>\n\t\t\t\t<\/div>\n\t\t\t\t\t<\/div>\n\t\t\t\t<\/div>\n\t\t<div class=\"elementor-element elementor-element-a6567f3 e-flex e-con-boxed e-con e-parent\" data-id=\"a6567f3\" data-element_type=\"container\" data-settings=\"{&quot;content_width&quot;:&quot;boxed&quot;}\" data-core-v316-plus=\"true\">\n\t\t\t\t\t<div class=\"e-con-inner\">\n\t\t<div class=\"elementor-element elementor-element-09d06d4 e-con-full e-flex e-con e-child\" data-id=\"09d06d4\" data-element_type=\"container\" data-settings=\"{&quot;content_width&quot;:&quot;full&quot;}\">\n\t\t\t\t<div class=\"elementor-element elementor-element-4da059c elementor-widget elementor-widget-image\" data-id=\"4da059c\" data-element_type=\"widget\" data-widget_type=\"image.default\">\n\t\t\t\t<div class=\"elementor-widget-container\">\n\t\t\t\t\t\t\t\t\t\t\t\t\t<img decoding=\"async\" width=\"1024\" height=\"646\" src=\"https:\/\/skraidanciosausytes.lt\/wp-content\/uploads\/2024\/01\/DSC04862-1024x646.jpg\" class=\"attachment-large size-large wp-image-9363\" alt=\"\" srcset=\"https:\/\/skraidanciosausytes.lt\/wp-content\/uploads\/2024\/01\/DSC04862-1024x646.jpg 1024w, https:\/\/skraidanciosausytes.lt\/wp-content\/uploads\/2024\/01\/DSC04862-300x189.jpg 300w, https:\/\/skraidanciosausytes.lt\/wp-content\/uploads\/2024\/01\/DSC04862-768x485.jpg 768w, https:\/\/skraidanciosausytes.lt\/wp-content\/uploads\/2024\/01\/DSC04862-1536x970.jpg 1536w, https:\/\/skraidanciosausytes.lt\/wp-content\/uploads\/2024\/01\/DSC04862-2048x1293.jpg 2048w\" sizes=\"(max-width: 1024px) 100vw, 1024px\" \/>\t\t\t\t\t\t\t\t\t\t\t\t\t<\/div>\n\t\t\t\t<\/div>\n\t\t\t\t<\/div>\n\t\t<div class=\"elementor-element elementor-element-5d9e2e3 e-con-full e-flex e-con e-child\" data-id=\"5d9e2e3\" data-element_type=\"container\" data-settings=\"{&quot;content_width&quot;:&quot;full&quot;}\">\n\t\t\t\t<div class=\"elementor-element elementor-element-819e212 elementor-widget elementor-widget-text-editor\" data-id=\"819e212\" data-element_type=\"widget\" data-widget_type=\"text-editor.default\">\n\t\t\t\t<div class=\"elementor-widget-container\">\n\t\t\t\t\t\t\t<p>M\u016bs\u0173 vizija &#8211; ne tik suteikti Jums \u0161un\u012f, kuris turi visas b\u016bdingas savybes Austral\u0173 Aviganiui. Mes r\u016bpinam\u0117s, kad pasiimdami \u0161uniuk\u0105 i\u0161 m\u016bs\u0173, J\u016bs puikiai suprastum\u0117te kokie i\u0161\u0161\u016bkiai laukia ir b\u016btum\u0117te pasiruo\u0161\u0117 juos spresti. M\u016bs\u0173 veislyno rengini\u0173 metu kvie\u010diame trenerius, elgsenos specialistus, k\u016bno rengybos ir tonuso palaikymo profesionalus. \u0160uns auginimas neapsiriboja \u0161ukavimu, ved\u017eiojimu ir maitinimu. Tai daug daugiau, ir mes, su d\u017eiaugsmu, savo veislyno \u0161eimoms suteikiame vis\u0105 informacij\u0105, kurios gali reik\u0117ti.\u00a0<\/p>\t\t\t\t\t\t<\/div>\n\t\t\t\t<\/div>\n\t\t\t\t<\/div>\n\t\t\t\t\t<\/div>\n\t\t\t\t<\/div>\n\t\t<div class=\"elementor-element elementor-element-7e74bbf e-flex e-con-boxed e-con e-parent\" data-id=\"7e74bbf\" data-element_type=\"container\" data-settings=\"{&quot;content_width&quot;:&quot;boxed&quot;}\" data-core-v316-plus=\"true\">\n\t\t\t\t\t<div class=\"e-con-inner\">\n\t\t<div class=\"elementor-element elementor-element-61b7deb e-con-full e-flex e-con e-child\" data-id=\"61b7deb\" data-element_type=\"container\" data-settings=\"{&quot;content_width&quot;:&quot;full&quot;}\">\n\t\t\t\t<div class=\"elementor-element elementor-element-cf26a4a elementor-widget elementor-widget-trekon_core_button\" data-id=\"cf26a4a\" data-element_type=\"widget\" data-widget_type=\"trekon_core_button.default\">\n\t\t\t\t<div class=\"elementor-widget-container\">\n\t\t\t<a class=\"qodef-shortcode qodef-m  qodef-button qodef-layout--filled  qodef-html--link\" href=\"index.php\/apie-mus\/\" target=\"_self\"  >\n\t<span class=\"qodef-m-text\">Kas mes esame<\/span>\n<\/a>\n\t\t<\/div>\n\t\t\t\t<\/div>\n\t\t\t\t<\/div>\n\t\t<div class=\"elementor-element elementor-element-6bdbbce e-con-full e-flex e-con e-child\" data-id=\"6bdbbce\" data-element_type=\"container\" data-settings=\"{&quot;content_width&quot;:&quot;full&quot;}\">\n\t\t\t\t<div class=\"elementor-element elementor-element-abad775 elementor-widget elementor-widget-trekon_core_button\" data-id=\"abad775\" data-element_type=\"widget\" data-widget_type=\"trekon_core_button.default\">\n\t\t\t\t<div class=\"elementor-widget-container\">\n\t\t\t<a class=\"qodef-shortcode qodef-m  qodef-button qodef-layout--filled  qodef-html--link\" href=\"index.php\/apie-veisle\/\" target=\"_self\"  >\n\t<span class=\"qodef-m-text\">APie veisl\u0119<\/span>\n<\/a>\n\t\t<\/div>\n\t\t\t\t<\/div>\n\t\t\t\t<\/div>\n\t\t<div class=\"elementor-element elementor-element-1306d83 e-con-full e-flex e-con e-child\" data-id=\"1306d83\" data-element_type=\"container\" data-settings=\"{&quot;content_width&quot;:&quot;full&quot;}\">\n\t\t\t\t<div class=\"elementor-element elementor-element-76e4d42 elementor-widget elementor-widget-trekon_core_button\" data-id=\"76e4d42\" data-element_type=\"widget\" data-widget_type=\"trekon_core_button.default\">\n\t\t\t\t<div class=\"elementor-widget-container\">\n\t\t\t<a class=\"qodef-shortcode qodef-m  qodef-button qodef-layout--filled  qodef-html--link\" href=\"index.php\/suniukai\/\" target=\"_self\"  >\n\t<span class=\"qodef-m-text\">Vados<\/span>\n<\/a>\n\t\t<\/div>\n\t\t\t\t<\/div>\n\t\t\t\t<\/div>\n\t\t\t\t\t<\/div>\n\t\t\t\t<\/div>\n\t\t\t\t<\/div>\n\t\t","protected":false},"excerpt":{"rendered":"<p>Apie &#8222;Skraidan\u010dias ausytes&#8221; Veislynas \u201eSkraidan\u010dios ausyt\u0117s\u201c \u012fkurtas 2016 met\u0173 vasar\u0105, Vilniuje. Veislyno pasidid\u017eiavimas \u2013 daukartin\u0117s parod\u0173 nugal\u0117tojos austral\u0173 avigan\u0117s \u2013 Kuba ir Indy. Mol\u0117tuose tris dienas vykusioje tarptautin\u0117je \u0161un\u0173 parodoje Kuba be puikaus \u012fvertinimo gavo ir nuostab\u0173 \u012fra\u0161\u0105 teis\u0117jo apra\u0161yme \u2013 \u201eNice set of flying ears\u201c. Taip gim\u0117 veislyno pavadinimas \u2013 SKRAIDAN\u010cIOS AUSYT\u0116S. Ir i\u0161ties [&hellip;]<\/p>\n","protected":false},"author":1,"featured_media":0,"parent":9006,"menu_order":0,"comment_status":"closed","ping_status":"closed","template":"","meta":{"footnotes":""},"class_list":["post-9000","page","type-page","status-publish","hentry"],"yoast_head":"<!-- This site is optimized with the Yoast SEO plugin v27.4 - https:\/\/yoast.com\/product\/yoast-seo-wordpress\/ -->\n<title>Apie mus - skraidan\u010di\u0173 ausy\u010di\u0173 veislyn\u0105<\/title>\n<meta name=\"description\" content=\"Mes esame savo svajoni\u0173 ambasadoriai, kurias \u012fprasmina \u017emon\u0117s, esantys aplink mus ir auginantys m\u016bs\u0173 i\u0161veistus \u0161unis.\" \/>\n<meta name=\"robots\" content=\"index, follow, max-snippet:-1, max-image-preview:large, max-video-preview:-1\" \/>\n<link rel=\"canonical\" href=\"https:\/\/skraidanciosausytes.lt\/index.php\/apie-mus\/apie-veislyna\/\" \/>\n<meta property=\"og:locale\" content=\"lt_LT\" \/>\n<meta property=\"og:type\" content=\"article\" \/>\n<meta property=\"og:title\" content=\"Apie mus - skraidan\u010di\u0173 ausy\u010di\u0173 veislyn\u0105\" \/>\n<meta property=\"og:description\" content=\"Mes esame savo svajoni\u0173 ambasadoriai, kurias \u012fprasmina \u017emon\u0117s, esantys aplink mus ir auginantys m\u016bs\u0173 i\u0161veistus \u0161unis.\" \/>\n<meta property=\"og:url\" content=\"https:\/\/skraidanciosausytes.lt\/index.php\/apie-mus\/apie-veislyna\/\" \/>\n<meta property=\"og:site_name\" content=\"Skraidan\u010dios Ausyt\u0117s\" \/>\n<meta property=\"article:publisher\" content=\"https:\/\/www.facebook.com\/FlyingAussie\" \/>\n<meta property=\"article:modified_time\" content=\"2024-08-21T07:59:10+00:00\" \/>\n<meta property=\"og:image\" content=\"https:\/\/skraidanciosausytes.lt\/wp-content\/uploads\/2024\/01\/FB_IMG_1555435058260-1024x683.jpg\" \/>\n<meta name=\"twitter:card\" content=\"summary_large_image\" \/>\n<meta name=\"twitter:label1\" content=\"Est. reading time\" \/>\n\t<meta name=\"twitter:data1\" content=\"2 minut\u0117s\" \/>\n<script type=\"application\/ld+json\" class=\"yoast-schema-graph\">{\"@context\":\"https:\\\/\\\/schema.org\",\"@graph\":[{\"@type\":\"WebPage\",\"@id\":\"https:\\\/\\\/skraidanciosausytes.lt\\\/index.php\\\/apie-mus\\\/apie-veislyna\\\/\",\"url\":\"https:\\\/\\\/skraidanciosausytes.lt\\\/index.php\\\/apie-mus\\\/apie-veislyna\\\/\",\"name\":\"Apie mus - skraidan\u010di\u0173 ausy\u010di\u0173 veislyn\u0105\",\"isPartOf\":{\"@id\":\"https:\\\/\\\/skraidanciosausytes.lt\\\/#website\"},\"primaryImageOfPage\":{\"@id\":\"https:\\\/\\\/skraidanciosausytes.lt\\\/index.php\\\/apie-mus\\\/apie-veislyna\\\/#primaryimage\"},\"image\":{\"@id\":\"https:\\\/\\\/skraidanciosausytes.lt\\\/index.php\\\/apie-mus\\\/apie-veislyna\\\/#primaryimage\"},\"thumbnailUrl\":\"https:\\\/\\\/skraidanciosausytes.lt\\\/wp-content\\\/uploads\\\/2024\\\/01\\\/FB_IMG_1555435058260-1024x683.jpg\",\"datePublished\":\"2023-12-21T18:04:50+00:00\",\"dateModified\":\"2024-08-21T07:59:10+00:00\",\"description\":\"Mes esame savo svajoni\u0173 ambasadoriai, kurias \u012fprasmina \u017emon\u0117s, esantys aplink mus ir auginantys m\u016bs\u0173 i\u0161veistus \u0161unis.\",\"breadcrumb\":{\"@id\":\"https:\\\/\\\/skraidanciosausytes.lt\\\/index.php\\\/apie-mus\\\/apie-veislyna\\\/#breadcrumb\"},\"inLanguage\":\"lt-LT\",\"potentialAction\":[{\"@type\":\"ReadAction\",\"target\":[\"https:\\\/\\\/skraidanciosausytes.lt\\\/index.php\\\/apie-mus\\\/apie-veislyna\\\/\"]}]},{\"@type\":\"ImageObject\",\"inLanguage\":\"lt-LT\",\"@id\":\"https:\\\/\\\/skraidanciosausytes.lt\\\/index.php\\\/apie-mus\\\/apie-veislyna\\\/#primaryimage\",\"url\":\"https:\\\/\\\/skraidanciosausytes.lt\\\/wp-content\\\/uploads\\\/2024\\\/01\\\/FB_IMG_1555435058260.jpg\",\"contentUrl\":\"https:\\\/\\\/skraidanciosausytes.lt\\\/wp-content\\\/uploads\\\/2024\\\/01\\\/FB_IMG_1555435058260.jpg\",\"width\":1080,\"height\":720},{\"@type\":\"BreadcrumbList\",\"@id\":\"https:\\\/\\\/skraidanciosausytes.lt\\\/index.php\\\/apie-mus\\\/apie-veislyna\\\/#breadcrumb\",\"itemListElement\":[{\"@type\":\"ListItem\",\"position\":1,\"name\":\"Home\",\"item\":\"https:\\\/\\\/skraidanciosausytes.lt\\\/\"},{\"@type\":\"ListItem\",\"position\":2,\"name\":\"Apie mus\",\"item\":\"https:\\\/\\\/skraidanciosausytes.lt\\\/index.php\\\/apie-mus\\\/\"},{\"@type\":\"ListItem\",\"position\":3,\"name\":\"Apie veislyn\u0105\"}]},{\"@type\":\"WebSite\",\"@id\":\"https:\\\/\\\/skraidanciosausytes.lt\\\/#website\",\"url\":\"https:\\\/\\\/skraidanciosausytes.lt\\\/\",\"name\":\"Flying Aussies\",\"description\":\"Austral\u0173 Avingani\u0173 veislynas\",\"publisher\":{\"@id\":\"https:\\\/\\\/skraidanciosausytes.lt\\\/#organization\"},\"alternateName\":\"Skraidancios Ausytes\",\"potentialAction\":[{\"@type\":\"SearchAction\",\"target\":{\"@type\":\"EntryPoint\",\"urlTemplate\":\"https:\\\/\\\/skraidanciosausytes.lt\\\/?s={search_term_string}\"},\"query-input\":{\"@type\":\"PropertyValueSpecification\",\"valueRequired\":true,\"valueName\":\"search_term_string\"}}],\"inLanguage\":\"lt-LT\"},{\"@type\":\"Organization\",\"@id\":\"https:\\\/\\\/skraidanciosausytes.lt\\\/#organization\",\"name\":\"Flying Aussies kennel\",\"alternateName\":\"Skraidan\u010dios Ausyt\u0117s\",\"url\":\"https:\\\/\\\/skraidanciosausytes.lt\\\/\",\"logo\":{\"@type\":\"ImageObject\",\"inLanguage\":\"lt-LT\",\"@id\":\"https:\\\/\\\/skraidanciosausytes.lt\\\/#\\\/schema\\\/logo\\\/image\\\/\",\"url\":\"https:\\\/\\\/skraidanciosausytes.lt\\\/wp-content\\\/uploads\\\/2024\\\/01\\\/FLYING-AUSSIE-KENNEL_COLOR_FIN-1-e1704563292101.png\",\"contentUrl\":\"https:\\\/\\\/skraidanciosausytes.lt\\\/wp-content\\\/uploads\\\/2024\\\/01\\\/FLYING-AUSSIE-KENNEL_COLOR_FIN-1-e1704563292101.png\",\"width\":150,\"height\":150,\"caption\":\"Flying Aussies kennel\"},\"image\":{\"@id\":\"https:\\\/\\\/skraidanciosausytes.lt\\\/#\\\/schema\\\/logo\\\/image\\\/\"},\"sameAs\":[\"https:\\\/\\\/www.facebook.com\\\/FlyingAussie\",\"https:\\\/\\\/www.instagram.com\\\/flying_aussie_kennel\\\/\"]}]}<\/script>\n<!-- \/ Yoast SEO plugin. -->","yoast_head_json":{"title":"Apie mus - skraidan\u010di\u0173 ausy\u010di\u0173 veislyn\u0105","description":"Mes esame savo svajoni\u0173 ambasadoriai, kurias \u012fprasmina \u017emon\u0117s, esantys aplink mus ir auginantys m\u016bs\u0173 i\u0161veistus \u0161unis.","robots":{"index":"index","follow":"follow","max-snippet":"max-snippet:-1","max-image-preview":"max-image-preview:large","max-video-preview":"max-video-preview:-1"},"canonical":"https:\/\/skraidanciosausytes.lt\/index.php\/apie-mus\/apie-veislyna\/","og_locale":"lt_LT","og_type":"article","og_title":"Apie mus - skraidan\u010di\u0173 ausy\u010di\u0173 veislyn\u0105","og_description":"Mes esame savo svajoni\u0173 ambasadoriai, kurias \u012fprasmina \u017emon\u0117s, esantys aplink mus ir auginantys m\u016bs\u0173 i\u0161veistus \u0161unis.","og_url":"https:\/\/skraidanciosausytes.lt\/index.php\/apie-mus\/apie-veislyna\/","og_site_name":"Skraidan\u010dios Ausyt\u0117s","article_publisher":"https:\/\/www.facebook.com\/FlyingAussie","article_modified_time":"2024-08-21T07:59:10+00:00","og_image":[{"url":"https:\/\/skraidanciosausytes.lt\/wp-content\/uploads\/2024\/01\/FB_IMG_1555435058260-1024x683.jpg","type":"","width":"","height":""}],"twitter_card":"summary_large_image","twitter_misc":{"Est. reading time":"2 minut\u0117s"},"schema":{"@context":"https:\/\/schema.org","@graph":[{"@type":"WebPage","@id":"https:\/\/skraidanciosausytes.lt\/index.php\/apie-mus\/apie-veislyna\/","url":"https:\/\/skraidanciosausytes.lt\/index.php\/apie-mus\/apie-veislyna\/","name":"Apie mus - skraidan\u010di\u0173 ausy\u010di\u0173 veislyn\u0105","isPartOf":{"@id":"https:\/\/skraidanciosausytes.lt\/#website"},"primaryImageOfPage":{"@id":"https:\/\/skraidanciosausytes.lt\/index.php\/apie-mus\/apie-veislyna\/#primaryimage"},"image":{"@id":"https:\/\/skraidanciosausytes.lt\/index.php\/apie-mus\/apie-veislyna\/#primaryimage"},"thumbnailUrl":"https:\/\/skraidanciosausytes.lt\/wp-content\/uploads\/2024\/01\/FB_IMG_1555435058260-1024x683.jpg","datePublished":"2023-12-21T18:04:50+00:00","dateModified":"2024-08-21T07:59:10+00:00","description":"Mes esame savo svajoni\u0173 ambasadoriai, kurias \u012fprasmina \u017emon\u0117s, esantys aplink mus ir auginantys m\u016bs\u0173 i\u0161veistus \u0161unis.","breadcrumb":{"@id":"https:\/\/skraidanciosausytes.lt\/index.php\/apie-mus\/apie-veislyna\/#breadcrumb"},"inLanguage":"lt-LT","potentialAction":[{"@type":"ReadAction","target":["https:\/\/skraidanciosausytes.lt\/index.php\/apie-mus\/apie-veislyna\/"]}]},{"@type":"ImageObject","inLanguage":"lt-LT","@id":"https:\/\/skraidanciosausytes.lt\/index.php\/apie-mus\/apie-veislyna\/#primaryimage","url":"https:\/\/skraidanciosausytes.lt\/wp-content\/uploads\/2024\/01\/FB_IMG_1555435058260.jpg","contentUrl":"https:\/\/skraidanciosausytes.lt\/wp-content\/uploads\/2024\/01\/FB_IMG_1555435058260.jpg","width":1080,"height":720},{"@type":"BreadcrumbList","@id":"https:\/\/skraidanciosausytes.lt\/index.php\/apie-mus\/apie-veislyna\/#breadcrumb","itemListElement":[{"@type":"ListItem","position":1,"name":"Home","item":"https:\/\/skraidanciosausytes.lt\/"},{"@type":"ListItem","position":2,"name":"Apie mus","item":"https:\/\/skraidanciosausytes.lt\/index.php\/apie-mus\/"},{"@type":"ListItem","position":3,"name":"Apie veislyn\u0105"}]},{"@type":"WebSite","@id":"https:\/\/skraidanciosausytes.lt\/#website","url":"https:\/\/skraidanciosausytes.lt\/","name":"Flying Aussies","description":"Austral\u0173 Avingani\u0173 veislynas","publisher":{"@id":"https:\/\/skraidanciosausytes.lt\/#organization"},"alternateName":"Skraidancios Ausytes","potentialAction":[{"@type":"SearchAction","target":{"@type":"EntryPoint","urlTemplate":"https:\/\/skraidanciosausytes.lt\/?s={search_term_string}"},"query-input":{"@type":"PropertyValueSpecification","valueRequired":true,"valueName":"search_term_string"}}],"inLanguage":"lt-LT"},{"@type":"Organization","@id":"https:\/\/skraidanciosausytes.lt\/#organization","name":"Flying Aussies kennel","alternateName":"Skraidan\u010dios Ausyt\u0117s","url":"https:\/\/skraidanciosausytes.lt\/","logo":{"@type":"ImageObject","inLanguage":"lt-LT","@id":"https:\/\/skraidanciosausytes.lt\/#\/schema\/logo\/image\/","url":"https:\/\/skraidanciosausytes.lt\/wp-content\/uploads\/2024\/01\/FLYING-AUSSIE-KENNEL_COLOR_FIN-1-e1704563292101.png","contentUrl":"https:\/\/skraidanciosausytes.lt\/wp-content\/uploads\/2024\/01\/FLYING-AUSSIE-KENNEL_COLOR_FIN-1-e1704563292101.png","width":150,"height":150,"caption":"Flying Aussies kennel"},"image":{"@id":"https:\/\/skraidanciosausytes.lt\/#\/schema\/logo\/image\/"},"sameAs":["https:\/\/www.facebook.com\/FlyingAussie","https:\/\/www.instagram.com\/flying_aussie_kennel\/"]}]}},"_links":{"self":[{"href":"https:\/\/skraidanciosausytes.lt\/index.php\/wp-json\/wp\/v2\/pages\/9000","targetHints":{"allow":["GET"]}}],"collection":[{"href":"https:\/\/skraidanciosausytes.lt\/index.php\/wp-json\/wp\/v2\/pages"}],"about":[{"href":"https:\/\/skraidanciosausytes.lt\/index.php\/wp-json\/wp\/v2\/types\/page"}],"author":[{"embeddable":true,"href":"https:\/\/skraidanciosausytes.lt\/index.php\/wp-json\/wp\/v2\/users\/1"}],"replies":[{"embeddable":true,"href":"https:\/\/skraidanciosausytes.lt\/index.php\/wp-json\/wp\/v2\/comments?post=9000"}],"version-history":[{"count":50,"href":"https:\/\/skraidanciosausytes.lt\/index.php\/wp-json\/wp\/v2\/pages\/9000\/revisions"}],"predecessor-version":[{"id":11152,"href":"https:\/\/skraidanciosausytes.lt\/index.php\/wp-json\/wp\/v2\/pages\/9000\/revisions\/11152"}],"up":[{"embeddable":true,"href":"https:\/\/skraidanciosausytes.lt\/index.php\/wp-json\/wp\/v2\/pages\/9006"}],"wp:attachment":[{"href":"https:\/\/skraidanciosausytes.lt\/index.php\/wp-json\/wp\/v2\/media?parent=9000"}],"curies":[{"name":"wp","href":"https:\/\/api.w.org\/{rel}","templated":true}]}}