{"id":9006,"date":"2023-12-21T18:11:45","date_gmt":"2023-12-21T18:11:45","guid":{"rendered":"https:\/\/skraidanciosausytes.lt\/?page_id=9006"},"modified":"2024-08-21T07:56:35","modified_gmt":"2024-08-21T07:56:35","slug":"apie-mus","status":"publish","type":"page","link":"https:\/\/skraidanciosausytes.lt\/index.php\/apie-mus\/","title":{"rendered":"Apie mus"},"content":{"rendered":"\t\t<div data-elementor-type=\"wp-page\" data-elementor-id=\"9006\" class=\"elementor elementor-9006\">\n\t\t\t\t<div class=\"elementor-element elementor-element-b91980e e-con-full e-flex e-con e-parent\" data-id=\"b91980e\" data-element_type=\"container\" data-settings=\"{&quot;content_width&quot;:&quot;full&quot;,&quot;background_background&quot;:&quot;classic&quot;}\" data-core-v316-plus=\"true\">\n\t\t\t\t<\/div>\n\t\t<div class=\"elementor-element elementor-element-8e13140 e-flex e-con-boxed e-con e-parent\" data-id=\"8e13140\" data-element_type=\"container\" data-settings=\"{&quot;content_width&quot;:&quot;boxed&quot;}\" data-core-v316-plus=\"true\">\n\t\t\t\t\t<div class=\"e-con-inner\">\n\t\t\t\t<div class=\"elementor-element elementor-element-fa530dd elementor-widget elementor-widget-heading\" data-id=\"fa530dd\" data-element_type=\"widget\" data-widget_type=\"heading.default\">\n\t\t\t\t<div class=\"elementor-widget-container\">\n\t\t\t<style>\/*! elementor - v3.19.0 - 07-02-2024 *\/\n.elementor-heading-title{padding:0;margin:0;line-height:1}.elementor-widget-heading .elementor-heading-title[class*=elementor-size-]>a{color:inherit;font-size:inherit;line-height:inherit}.elementor-widget-heading .elementor-heading-title.elementor-size-small{font-size:15px}.elementor-widget-heading .elementor-heading-title.elementor-size-medium{font-size:19px}.elementor-widget-heading .elementor-heading-title.elementor-size-large{font-size:29px}.elementor-widget-heading .elementor-heading-title.elementor-size-xl{font-size:39px}.elementor-widget-heading .elementor-heading-title.elementor-size-xxl{font-size:59px}<\/style><h1 class=\"elementor-heading-title elementor-size-default\">Mes - Skraidan\u010dios Ausyt\u0117s\n\n<\/h1>\t\t<\/div>\n\t\t\t\t<\/div>\n\t\t\t\t\t<\/div>\n\t\t\t\t<\/div>\n\t\t<div class=\"elementor-element elementor-element-ab1cd09 e-flex e-con-boxed e-con e-parent\" data-id=\"ab1cd09\" data-element_type=\"container\" data-settings=\"{&quot;content_width&quot;:&quot;boxed&quot;}\" data-core-v316-plus=\"true\">\n\t\t\t\t\t<div class=\"e-con-inner\">\n\t\t<div class=\"elementor-element elementor-element-88d6413 e-con-full e-flex e-con e-child\" data-id=\"88d6413\" data-element_type=\"container\" data-settings=\"{&quot;content_width&quot;:&quot;full&quot;}\">\n\t\t\t\t<div class=\"elementor-element elementor-element-95727ec elementor-widget elementor-widget-text-editor\" data-id=\"95727ec\" data-element_type=\"widget\" data-widget_type=\"text-editor.default\">\n\t\t\t\t<div class=\"elementor-widget-container\">\n\t\t\t<style>\/*! elementor - v3.19.0 - 07-02-2024 *\/\n.elementor-widget-text-editor.elementor-drop-cap-view-stacked .elementor-drop-cap{background-color:#69727d;color:#fff}.elementor-widget-text-editor.elementor-drop-cap-view-framed .elementor-drop-cap{color:#69727d;border:3px solid;background-color:transparent}.elementor-widget-text-editor:not(.elementor-drop-cap-view-default) .elementor-drop-cap{margin-top:8px}.elementor-widget-text-editor:not(.elementor-drop-cap-view-default) .elementor-drop-cap-letter{width:1em;height:1em}.elementor-widget-text-editor .elementor-drop-cap{float:left;text-align:center;line-height:1;font-size:50px}.elementor-widget-text-editor .elementor-drop-cap-letter{display:inline-block}<\/style>\t\t\t\t<p><\/p>\n<p style=\"background-color: #ffffff;\">&#8222;Skraidan\u010dios Ausyt\u0117s&#8221; yra bendruomen\u0117, kuri\u0105 vienija meil\u0117 Austral\u0173 aviganiams. Mes esame savo svajoni\u0173 ambasadoriai, kurias \u012fprasmina \u017emon\u0117s, esantys aplink mus ir auginantys m\u016bs\u0173 i\u0161veistus \u0161unis.&nbsp;<br><br>Esame Aurelija ir Andrius. Nuotraukoje su mumis &#8211; Kuba, Mona, Ernis ir Indy.<\/p><p style=\"background-color: #ffffff;\"><br><\/p>\n<p style=\"background-color: #ffffff;\">Austral\u0173 aviganius pamilome dar 2012 metais, Vilniaus dienos. Tuokart pamat\u0117me veis\u0117jos \u0161unis, ir Kubos d\u0117d\u0119, kantriai laukian\u010dius prie parduotuv\u0117s, kol i\u0161eis \u0161eiminink\u0117.&nbsp;<\/p>\n<p style=\"background-color: #ffffff;\">D\u017eiaugsmas, kuriuo \u0161unys apipyl\u0117 i\u0161\u0117jusi\u0105 moter\u012f buvo vienareik\u0161mi\u0161kas verdiktas &#8211; Australai &#8211; tai m\u016bs\u0173 \u0161unys.&nbsp;<\/p>\n<p style=\"background-color: #ffffff;\">M\u016bs\u0173 \u0161unys yra m\u016bs\u0173 \u0161eimos nariai. Jie visada siekia \u012ftikti ir skatina nuolat tobulinti ganymo, vikrumo ar paklusnumo \u017einias. Nuobodu &#8211; neb\u016bna. Taip, b\u016bna visko.<\/p>\n<p style=\"background-color: #ffffff;\">Dr\u0105siai kreipkit\u0117s \u012f mus ir mes mielai supa\u017eindinsime su austral\u0173 aviganiais ir pad\u0117sime suprasti ar \u0161i veisl\u0117 tikrai Jums skirta.<\/p>\t\t\t\t\t\t<\/div>\n\t\t\t\t<\/div>\n\t\t\t\t<\/div>\n\t\t<div class=\"elementor-element elementor-element-95f41a1 e-con-full e-flex e-con e-child\" data-id=\"95f41a1\" data-element_type=\"container\" data-settings=\"{&quot;content_width&quot;:&quot;full&quot;}\">\n\t\t\t\t<div class=\"elementor-element elementor-element-8047d03 elementor-widget elementor-widget-image\" data-id=\"8047d03\" data-element_type=\"widget\" data-widget_type=\"image.default\">\n\t\t\t\t<div class=\"elementor-widget-container\">\n\t\t\t<style>\/*! elementor - v3.19.0 - 07-02-2024 *\/\n.elementor-widget-image{text-align:center}.elementor-widget-image a{display:inline-block}.elementor-widget-image a img[src$=\".svg\"]{width:48px}.elementor-widget-image img{vertical-align:middle;display:inline-block}<\/style>\t\t\t\t\t\t\t\t\t\t<img fetchpriority=\"high\" decoding=\"async\" width=\"1024\" height=\"683\" src=\"https:\/\/skraidanciosausytes.lt\/wp-content\/uploads\/2023\/12\/DSC09670-1024x683.jpg\" class=\"attachment-large size-large wp-image-8663\" alt=\"\" srcset=\"https:\/\/skraidanciosausytes.lt\/wp-content\/uploads\/2023\/12\/DSC09670-1024x683.jpg 1024w, https:\/\/skraidanciosausytes.lt\/wp-content\/uploads\/2023\/12\/DSC09670-scaled-600x400.jpg 600w, https:\/\/skraidanciosausytes.lt\/wp-content\/uploads\/2023\/12\/DSC09670-300x200.jpg 300w, https:\/\/skraidanciosausytes.lt\/wp-content\/uploads\/2023\/12\/DSC09670-768x512.jpg 768w, https:\/\/skraidanciosausytes.lt\/wp-content\/uploads\/2023\/12\/DSC09670-1536x1024.jpg 1536w, https:\/\/skraidanciosausytes.lt\/wp-content\/uploads\/2023\/12\/DSC09670-2048x1365.jpg 2048w\" sizes=\"(max-width: 1024px) 100vw, 1024px\" \/>\t\t\t\t\t\t\t\t\t\t\t\t\t<\/div>\n\t\t\t\t<\/div>\n\t\t\t\t<\/div>\n\t\t\t\t\t<\/div>\n\t\t\t\t<\/div>\n\t\t<div class=\"elementor-element elementor-element-9e08a4f e-flex e-con-boxed e-con e-parent\" data-id=\"9e08a4f\" data-element_type=\"container\" data-settings=\"{&quot;content_width&quot;:&quot;boxed&quot;}\" data-core-v316-plus=\"true\">\n\t\t\t\t\t<div class=\"e-con-inner\">\n\t\t<div class=\"elementor-element elementor-element-f7437b2 e-con-full e-flex e-con e-child\" data-id=\"f7437b2\" data-element_type=\"container\" data-settings=\"{&quot;content_width&quot;:&quot;full&quot;}\">\n\t\t\t\t<div class=\"elementor-element elementor-element-e3aa682 elementor-widget elementor-widget-trekon_core_button\" data-id=\"e3aa682\" data-element_type=\"widget\" data-widget_type=\"trekon_core_button.default\">\n\t\t\t\t<div class=\"elementor-widget-container\">\n\t\t\t<a class=\"qodef-shortcode qodef-m  qodef-button qodef-layout--filled  qodef-html--link\" href=\"index.php\/apie-mus\/apie-veislyna\/\" target=\"_self\"  >\n\t<span class=\"qodef-m-text\">Veislyno istorija<\/span>\n<\/a>\n\t\t<\/div>\n\t\t\t\t<\/div>\n\t\t\t\t<\/div>\n\t\t<div class=\"elementor-element elementor-element-0d7ea10 e-con-full e-flex e-con e-child\" data-id=\"0d7ea10\" data-element_type=\"container\" data-settings=\"{&quot;content_width&quot;:&quot;full&quot;}\">\n\t\t\t\t<div class=\"elementor-element elementor-element-71f4800 elementor-widget elementor-widget-trekon_core_button\" data-id=\"71f4800\" data-element_type=\"widget\" data-widget_type=\"trekon_core_button.default\">\n\t\t\t\t<div class=\"elementor-widget-container\">\n\t\t\t<a class=\"qodef-shortcode qodef-m  qodef-button qodef-layout--filled  qodef-html--link\" href=\"https:\/\/skraidanciosausytes.lt\/index.php\/apie-mus\/publikacijos\/\" target=\"_self\"  >\n\t<span class=\"qodef-m-text\">Publikacijos<\/span>\n<\/a>\n\t\t<\/div>\n\t\t\t\t<\/div>\n\t\t\t\t<\/div>\n\t\t<div class=\"elementor-element elementor-element-46921c7 e-con-full e-flex e-con e-child\" data-id=\"46921c7\" data-element_type=\"container\" data-settings=\"{&quot;content_width&quot;:&quot;full&quot;}\">\n\t\t\t\t<div class=\"elementor-element elementor-element-389072e elementor-widget elementor-widget-trekon_core_button\" data-id=\"389072e\" data-element_type=\"widget\" data-widget_type=\"trekon_core_button.default\">\n\t\t\t\t<div class=\"elementor-widget-container\">\n\t\t\t<a class=\"qodef-shortcode qodef-m  qodef-button qodef-layout--filled  qodef-html--link\" href=\"index.php\/apie-mus\/paslaugos\/\" target=\"_self\"  >\n\t<span class=\"qodef-m-text\">M\u016bs\u0173 teikiamos paslaugos<\/span>\n<\/a>\n\t\t<\/div>\n\t\t\t\t<\/div>\n\t\t\t\t<\/div>\n\t\t\t\t\t<\/div>\n\t\t\t\t<\/div>\n\t\t\t\t<\/div>\n\t\t","protected":false},"excerpt":{"rendered":"<p>Mes &#8211; Skraidan\u010dios Ausyt\u0117s &#8222;Skraidan\u010dios Ausyt\u0117s&#8221; yra bendruomen\u0117, kuri\u0105 vienija meil\u0117 Austral\u0173 aviganiams. Mes esame savo svajoni\u0173 ambasadoriai, kurias \u012fprasmina \u017emon\u0117s, esantys aplink mus ir auginantys m\u016bs\u0173 i\u0161veistus \u0161unis.&nbsp; Esame Aurelija ir Andrius. Nuotraukoje su mumis &#8211; Kuba, Mona, Ernis ir Indy. Austral\u0173 aviganius pamilome dar 2012 metais, Vilniaus dienos. Tuokart pamat\u0117me veis\u0117jos \u0161unis, ir [&hellip;]<\/p>\n","protected":false},"author":1,"featured_media":0,"parent":0,"menu_order":0,"comment_status":"closed","ping_status":"closed","template":"","meta":{"footnotes":""},"class_list":["post-9006","page","type-page","status-publish","hentry"],"yoast_head":"<!-- This site is optimized with the Yoast SEO plugin v27.3 - https:\/\/yoast.com\/product\/yoast-seo-wordpress\/ -->\n<title>&quot;Skraidan\u010dios ausyt\u0117s&quot; - skraidan\u010di\u0173 austral\u0173 veislynas<\/title>\n<meta name=\"description\" content=\"M\u016bs\u0173 \u0161unys yra m\u016bs\u0173 \u0161eimos nariai. Jie visada siekia \u012ftikti ir skatina nuolat tobulinti ganymo, vikrumo ar paklusnumo \u017einias.\" \/>\n<meta name=\"robots\" content=\"index, follow, max-snippet:-1, max-image-preview:large, max-video-preview:-1\" \/>\n<link rel=\"canonical\" href=\"https:\/\/skraidanciosausytes.lt\/index.php\/apie-mus\/\" \/>\n<meta property=\"og:locale\" content=\"lt_LT\" \/>\n<meta property=\"og:type\" content=\"article\" \/>\n<meta property=\"og:title\" content=\"&quot;Skraidan\u010dios ausyt\u0117s&quot; - skraidan\u010di\u0173 austral\u0173 veislynas\" \/>\n<meta property=\"og:description\" content=\"M\u016bs\u0173 \u0161unys yra m\u016bs\u0173 \u0161eimos nariai. Jie visada siekia \u012ftikti ir skatina nuolat tobulinti ganymo, vikrumo ar paklusnumo \u017einias.\" \/>\n<meta property=\"og:url\" content=\"https:\/\/skraidanciosausytes.lt\/index.php\/apie-mus\/\" \/>\n<meta property=\"og:site_name\" content=\"Skraidan\u010dios Ausyt\u0117s\" \/>\n<meta property=\"article:publisher\" content=\"https:\/\/www.facebook.com\/FlyingAussie\" \/>\n<meta property=\"article:modified_time\" content=\"2024-08-21T07:56:35+00:00\" \/>\n<meta property=\"og:image\" content=\"https:\/\/skraidanciosausytes.lt\/wp-content\/uploads\/2023\/12\/DSC09670-1024x683.jpg\" \/>\n<meta name=\"twitter:card\" content=\"summary_large_image\" \/>\n<meta name=\"twitter:label1\" content=\"Est. reading time\" \/>\n\t<meta name=\"twitter:data1\" content=\"1 minut\u0117\" \/>\n<script type=\"application\/ld+json\" class=\"yoast-schema-graph\">{\"@context\":\"https:\\\/\\\/schema.org\",\"@graph\":[{\"@type\":\"Article\",\"@id\":\"https:\\\/\\\/skraidanciosausytes.lt\\\/index.php\\\/apie-mus\\\/#article\",\"isPartOf\":{\"@id\":\"https:\\\/\\\/skraidanciosausytes.lt\\\/index.php\\\/apie-mus\\\/\"},\"author\":{\"name\":\"zenonas\",\"@id\":\"https:\\\/\\\/skraidanciosausytes.lt\\\/#\\\/schema\\\/person\\\/48f705e6100d0b29732d294ab5e86e53\"},\"headline\":\"Apie mus\",\"datePublished\":\"2023-12-21T18:11:45+00:00\",\"dateModified\":\"2024-08-21T07:56:35+00:00\",\"mainEntityOfPage\":{\"@id\":\"https:\\\/\\\/skraidanciosausytes.lt\\\/index.php\\\/apie-mus\\\/\"},\"wordCount\":160,\"publisher\":{\"@id\":\"https:\\\/\\\/skraidanciosausytes.lt\\\/#organization\"},\"image\":{\"@id\":\"https:\\\/\\\/skraidanciosausytes.lt\\\/index.php\\\/apie-mus\\\/#primaryimage\"},\"thumbnailUrl\":\"https:\\\/\\\/skraidanciosausytes.lt\\\/wp-content\\\/uploads\\\/2023\\\/12\\\/DSC09670-1024x683.jpg\",\"inLanguage\":\"lt-LT\"},{\"@type\":[\"WebPage\",\"AboutPage\"],\"@id\":\"https:\\\/\\\/skraidanciosausytes.lt\\\/index.php\\\/apie-mus\\\/\",\"url\":\"https:\\\/\\\/skraidanciosausytes.lt\\\/index.php\\\/apie-mus\\\/\",\"name\":\"\\\"Skraidan\u010dios ausyt\u0117s\\\" - skraidan\u010di\u0173 austral\u0173 veislynas\",\"isPartOf\":{\"@id\":\"https:\\\/\\\/skraidanciosausytes.lt\\\/#website\"},\"primaryImageOfPage\":{\"@id\":\"https:\\\/\\\/skraidanciosausytes.lt\\\/index.php\\\/apie-mus\\\/#primaryimage\"},\"image\":{\"@id\":\"https:\\\/\\\/skraidanciosausytes.lt\\\/index.php\\\/apie-mus\\\/#primaryimage\"},\"thumbnailUrl\":\"https:\\\/\\\/skraidanciosausytes.lt\\\/wp-content\\\/uploads\\\/2023\\\/12\\\/DSC09670-1024x683.jpg\",\"datePublished\":\"2023-12-21T18:11:45+00:00\",\"dateModified\":\"2024-08-21T07:56:35+00:00\",\"description\":\"M\u016bs\u0173 \u0161unys yra m\u016bs\u0173 \u0161eimos nariai. Jie visada siekia \u012ftikti ir skatina nuolat tobulinti ganymo, vikrumo ar paklusnumo \u017einias.\",\"breadcrumb\":{\"@id\":\"https:\\\/\\\/skraidanciosausytes.lt\\\/index.php\\\/apie-mus\\\/#breadcrumb\"},\"inLanguage\":\"lt-LT\",\"potentialAction\":[{\"@type\":\"ReadAction\",\"target\":[\"https:\\\/\\\/skraidanciosausytes.lt\\\/index.php\\\/apie-mus\\\/\"]}]},{\"@type\":\"ImageObject\",\"inLanguage\":\"lt-LT\",\"@id\":\"https:\\\/\\\/skraidanciosausytes.lt\\\/index.php\\\/apie-mus\\\/#primaryimage\",\"url\":\"https:\\\/\\\/skraidanciosausytes.lt\\\/wp-content\\\/uploads\\\/2023\\\/12\\\/DSC09670-scaled.jpg\",\"contentUrl\":\"https:\\\/\\\/skraidanciosausytes.lt\\\/wp-content\\\/uploads\\\/2023\\\/12\\\/DSC09670-scaled.jpg\",\"width\":2560,\"height\":1707},{\"@type\":\"BreadcrumbList\",\"@id\":\"https:\\\/\\\/skraidanciosausytes.lt\\\/index.php\\\/apie-mus\\\/#breadcrumb\",\"itemListElement\":[{\"@type\":\"ListItem\",\"position\":1,\"name\":\"Home\",\"item\":\"https:\\\/\\\/skraidanciosausytes.lt\\\/\"},{\"@type\":\"ListItem\",\"position\":2,\"name\":\"Apie mus\"}]},{\"@type\":\"WebSite\",\"@id\":\"https:\\\/\\\/skraidanciosausytes.lt\\\/#website\",\"url\":\"https:\\\/\\\/skraidanciosausytes.lt\\\/\",\"name\":\"Flying Aussies\",\"description\":\"Austral\u0173 Avingani\u0173 veislynas\",\"publisher\":{\"@id\":\"https:\\\/\\\/skraidanciosausytes.lt\\\/#organization\"},\"alternateName\":\"Skraidancios Ausytes\",\"potentialAction\":[{\"@type\":\"SearchAction\",\"target\":{\"@type\":\"EntryPoint\",\"urlTemplate\":\"https:\\\/\\\/skraidanciosausytes.lt\\\/?s={search_term_string}\"},\"query-input\":{\"@type\":\"PropertyValueSpecification\",\"valueRequired\":true,\"valueName\":\"search_term_string\"}}],\"inLanguage\":\"lt-LT\"},{\"@type\":\"Organization\",\"@id\":\"https:\\\/\\\/skraidanciosausytes.lt\\\/#organization\",\"name\":\"Flying Aussies kennel\",\"alternateName\":\"Skraidan\u010dios Ausyt\u0117s\",\"url\":\"https:\\\/\\\/skraidanciosausytes.lt\\\/\",\"logo\":{\"@type\":\"ImageObject\",\"inLanguage\":\"lt-LT\",\"@id\":\"https:\\\/\\\/skraidanciosausytes.lt\\\/#\\\/schema\\\/logo\\\/image\\\/\",\"url\":\"https:\\\/\\\/skraidanciosausytes.lt\\\/wp-content\\\/uploads\\\/2024\\\/01\\\/FLYING-AUSSIE-KENNEL_COLOR_FIN-1-e1704563292101.png\",\"contentUrl\":\"https:\\\/\\\/skraidanciosausytes.lt\\\/wp-content\\\/uploads\\\/2024\\\/01\\\/FLYING-AUSSIE-KENNEL_COLOR_FIN-1-e1704563292101.png\",\"width\":150,\"height\":150,\"caption\":\"Flying Aussies kennel\"},\"image\":{\"@id\":\"https:\\\/\\\/skraidanciosausytes.lt\\\/#\\\/schema\\\/logo\\\/image\\\/\"},\"sameAs\":[\"https:\\\/\\\/www.facebook.com\\\/FlyingAussie\",\"https:\\\/\\\/www.instagram.com\\\/flying_aussie_kennel\\\/\"]},{\"@type\":\"Person\",\"@id\":\"https:\\\/\\\/skraidanciosausytes.lt\\\/#\\\/schema\\\/person\\\/48f705e6100d0b29732d294ab5e86e53\",\"name\":\"zenonas\",\"image\":{\"@type\":\"ImageObject\",\"inLanguage\":\"lt-LT\",\"@id\":\"https:\\\/\\\/secure.gravatar.com\\\/avatar\\\/ea89f7aa886d1e15e8dd22b9cc66c76e1dbab2e21b4933f9fe46faa4e1813ec5?s=96&d=mm&r=g\",\"url\":\"https:\\\/\\\/secure.gravatar.com\\\/avatar\\\/ea89f7aa886d1e15e8dd22b9cc66c76e1dbab2e21b4933f9fe46faa4e1813ec5?s=96&d=mm&r=g\",\"contentUrl\":\"https:\\\/\\\/secure.gravatar.com\\\/avatar\\\/ea89f7aa886d1e15e8dd22b9cc66c76e1dbab2e21b4933f9fe46faa4e1813ec5?s=96&d=mm&r=g\",\"caption\":\"zenonas\"},\"sameAs\":[\"https:\\\/\\\/skraidanciosausytes.lt\"],\"url\":\"https:\\\/\\\/skraidanciosausytes.lt\\\/index.php\\\/author\\\/zenonas\\\/\"}]}<\/script>\n<!-- \/ Yoast SEO plugin. -->","yoast_head_json":{"title":"\"Skraidan\u010dios ausyt\u0117s\" - skraidan\u010di\u0173 austral\u0173 veislynas","description":"M\u016bs\u0173 \u0161unys yra m\u016bs\u0173 \u0161eimos nariai. Jie visada siekia \u012ftikti ir skatina nuolat tobulinti ganymo, vikrumo ar paklusnumo \u017einias.","robots":{"index":"index","follow":"follow","max-snippet":"max-snippet:-1","max-image-preview":"max-image-preview:large","max-video-preview":"max-video-preview:-1"},"canonical":"https:\/\/skraidanciosausytes.lt\/index.php\/apie-mus\/","og_locale":"lt_LT","og_type":"article","og_title":"\"Skraidan\u010dios ausyt\u0117s\" - skraidan\u010di\u0173 austral\u0173 veislynas","og_description":"M\u016bs\u0173 \u0161unys yra m\u016bs\u0173 \u0161eimos nariai. Jie visada siekia \u012ftikti ir skatina nuolat tobulinti ganymo, vikrumo ar paklusnumo \u017einias.","og_url":"https:\/\/skraidanciosausytes.lt\/index.php\/apie-mus\/","og_site_name":"Skraidan\u010dios Ausyt\u0117s","article_publisher":"https:\/\/www.facebook.com\/FlyingAussie","article_modified_time":"2024-08-21T07:56:35+00:00","og_image":[{"url":"https:\/\/skraidanciosausytes.lt\/wp-content\/uploads\/2023\/12\/DSC09670-1024x683.jpg","type":"","width":"","height":""}],"twitter_card":"summary_large_image","twitter_misc":{"Est. reading time":"1 minut\u0117"},"schema":{"@context":"https:\/\/schema.org","@graph":[{"@type":"Article","@id":"https:\/\/skraidanciosausytes.lt\/index.php\/apie-mus\/#article","isPartOf":{"@id":"https:\/\/skraidanciosausytes.lt\/index.php\/apie-mus\/"},"author":{"name":"zenonas","@id":"https:\/\/skraidanciosausytes.lt\/#\/schema\/person\/48f705e6100d0b29732d294ab5e86e53"},"headline":"Apie mus","datePublished":"2023-12-21T18:11:45+00:00","dateModified":"2024-08-21T07:56:35+00:00","mainEntityOfPage":{"@id":"https:\/\/skraidanciosausytes.lt\/index.php\/apie-mus\/"},"wordCount":160,"publisher":{"@id":"https:\/\/skraidanciosausytes.lt\/#organization"},"image":{"@id":"https:\/\/skraidanciosausytes.lt\/index.php\/apie-mus\/#primaryimage"},"thumbnailUrl":"https:\/\/skraidanciosausytes.lt\/wp-content\/uploads\/2023\/12\/DSC09670-1024x683.jpg","inLanguage":"lt-LT"},{"@type":["WebPage","AboutPage"],"@id":"https:\/\/skraidanciosausytes.lt\/index.php\/apie-mus\/","url":"https:\/\/skraidanciosausytes.lt\/index.php\/apie-mus\/","name":"\"Skraidan\u010dios ausyt\u0117s\" - skraidan\u010di\u0173 austral\u0173 veislynas","isPartOf":{"@id":"https:\/\/skraidanciosausytes.lt\/#website"},"primaryImageOfPage":{"@id":"https:\/\/skraidanciosausytes.lt\/index.php\/apie-mus\/#primaryimage"},"image":{"@id":"https:\/\/skraidanciosausytes.lt\/index.php\/apie-mus\/#primaryimage"},"thumbnailUrl":"https:\/\/skraidanciosausytes.lt\/wp-content\/uploads\/2023\/12\/DSC09670-1024x683.jpg","datePublished":"2023-12-21T18:11:45+00:00","dateModified":"2024-08-21T07:56:35+00:00","description":"M\u016bs\u0173 \u0161unys yra m\u016bs\u0173 \u0161eimos nariai. Jie visada siekia \u012ftikti ir skatina nuolat tobulinti ganymo, vikrumo ar paklusnumo \u017einias.","breadcrumb":{"@id":"https:\/\/skraidanciosausytes.lt\/index.php\/apie-mus\/#breadcrumb"},"inLanguage":"lt-LT","potentialAction":[{"@type":"ReadAction","target":["https:\/\/skraidanciosausytes.lt\/index.php\/apie-mus\/"]}]},{"@type":"ImageObject","inLanguage":"lt-LT","@id":"https:\/\/skraidanciosausytes.lt\/index.php\/apie-mus\/#primaryimage","url":"https:\/\/skraidanciosausytes.lt\/wp-content\/uploads\/2023\/12\/DSC09670-scaled.jpg","contentUrl":"https:\/\/skraidanciosausytes.lt\/wp-content\/uploads\/2023\/12\/DSC09670-scaled.jpg","width":2560,"height":1707},{"@type":"BreadcrumbList","@id":"https:\/\/skraidanciosausytes.lt\/index.php\/apie-mus\/#breadcrumb","itemListElement":[{"@type":"ListItem","position":1,"name":"Home","item":"https:\/\/skraidanciosausytes.lt\/"},{"@type":"ListItem","position":2,"name":"Apie mus"}]},{"@type":"WebSite","@id":"https:\/\/skraidanciosausytes.lt\/#website","url":"https:\/\/skraidanciosausytes.lt\/","name":"Flying Aussies","description":"Austral\u0173 Avingani\u0173 veislynas","publisher":{"@id":"https:\/\/skraidanciosausytes.lt\/#organization"},"alternateName":"Skraidancios Ausytes","potentialAction":[{"@type":"SearchAction","target":{"@type":"EntryPoint","urlTemplate":"https:\/\/skraidanciosausytes.lt\/?s={search_term_string}"},"query-input":{"@type":"PropertyValueSpecification","valueRequired":true,"valueName":"search_term_string"}}],"inLanguage":"lt-LT"},{"@type":"Organization","@id":"https:\/\/skraidanciosausytes.lt\/#organization","name":"Flying Aussies kennel","alternateName":"Skraidan\u010dios Ausyt\u0117s","url":"https:\/\/skraidanciosausytes.lt\/","logo":{"@type":"ImageObject","inLanguage":"lt-LT","@id":"https:\/\/skraidanciosausytes.lt\/#\/schema\/logo\/image\/","url":"https:\/\/skraidanciosausytes.lt\/wp-content\/uploads\/2024\/01\/FLYING-AUSSIE-KENNEL_COLOR_FIN-1-e1704563292101.png","contentUrl":"https:\/\/skraidanciosausytes.lt\/wp-content\/uploads\/2024\/01\/FLYING-AUSSIE-KENNEL_COLOR_FIN-1-e1704563292101.png","width":150,"height":150,"caption":"Flying Aussies kennel"},"image":{"@id":"https:\/\/skraidanciosausytes.lt\/#\/schema\/logo\/image\/"},"sameAs":["https:\/\/www.facebook.com\/FlyingAussie","https:\/\/www.instagram.com\/flying_aussie_kennel\/"]},{"@type":"Person","@id":"https:\/\/skraidanciosausytes.lt\/#\/schema\/person\/48f705e6100d0b29732d294ab5e86e53","name":"zenonas","image":{"@type":"ImageObject","inLanguage":"lt-LT","@id":"https:\/\/secure.gravatar.com\/avatar\/ea89f7aa886d1e15e8dd22b9cc66c76e1dbab2e21b4933f9fe46faa4e1813ec5?s=96&d=mm&r=g","url":"https:\/\/secure.gravatar.com\/avatar\/ea89f7aa886d1e15e8dd22b9cc66c76e1dbab2e21b4933f9fe46faa4e1813ec5?s=96&d=mm&r=g","contentUrl":"https:\/\/secure.gravatar.com\/avatar\/ea89f7aa886d1e15e8dd22b9cc66c76e1dbab2e21b4933f9fe46faa4e1813ec5?s=96&d=mm&r=g","caption":"zenonas"},"sameAs":["https:\/\/skraidanciosausytes.lt"],"url":"https:\/\/skraidanciosausytes.lt\/index.php\/author\/zenonas\/"}]}},"_links":{"self":[{"href":"https:\/\/skraidanciosausytes.lt\/index.php\/wp-json\/wp\/v2\/pages\/9006","targetHints":{"allow":["GET"]}}],"collection":[{"href":"https:\/\/skraidanciosausytes.lt\/index.php\/wp-json\/wp\/v2\/pages"}],"about":[{"href":"https:\/\/skraidanciosausytes.lt\/index.php\/wp-json\/wp\/v2\/types\/page"}],"author":[{"embeddable":true,"href":"https:\/\/skraidanciosausytes.lt\/index.php\/wp-json\/wp\/v2\/users\/1"}],"replies":[{"embeddable":true,"href":"https:\/\/skraidanciosausytes.lt\/index.php\/wp-json\/wp\/v2\/comments?post=9006"}],"version-history":[{"count":108,"href":"https:\/\/skraidanciosausytes.lt\/index.php\/wp-json\/wp\/v2\/pages\/9006\/revisions"}],"predecessor-version":[{"id":11146,"href":"https:\/\/skraidanciosausytes.lt\/index.php\/wp-json\/wp\/v2\/pages\/9006\/revisions\/11146"}],"wp:attachment":[{"href":"https:\/\/skraidanciosausytes.lt\/index.php\/wp-json\/wp\/v2\/media?parent=9006"}],"curies":[{"name":"wp","href":"https:\/\/api.w.org\/{rel}","templated":true}]}}